{"id":21880,"date":"2025-05-22T10:40:47","date_gmt":"2025-05-22T08:40:47","guid":{"rendered":"https:\/\/jarstol.eu\/?post_type=product&#038;p=21880"},"modified":"2025-05-23T09:00:32","modified_gmt":"2025-05-23T07:00:32","slug":"mm-12-table-kopia","status":"publish","type":"product","link":"https:\/\/jarstol.eu\/en\/produkt\/style\/modern\/mm-12-table-kopia\/","title":{"rendered":"GARDA TABLE"},"content":{"rendered":"<section class=\"section blockFAQ\" id=\"blockFAQ-block_c224d509a9340c3e0cda6ecaa057d36c\">\r\n    <div class=\"blockFAQ__row\">\r\n        <p class=\"blockFAQ__desc\">GARDA table &#8211; elegance in a modern form<\/p>        <div class=\"blockFAQ__content\">\r\n            <div class=\"blockFAQ__caption  active\" item-data=\"0\">Basic Infromation  <\/div><div class=\"blockFAQ__caption \" item-data=\"1\">DESCRIPTION<\/div><div class=\"blockFAQ__caption \" item-data=\"2\">Product features<\/div><div class=\"blockFAQ__caption \" item-data=\"3\">fittings  <\/div><div class=\"blockFAQ__caption \" item-data=\"4\">packaging<\/div><div class=\"blockFAQ__caption \" item-data=\"5\">extra paid options<\/div>        <\/div>\r\n    <\/div>\r\n    <div class=\"blockFAQ__row blockFAQ__row--background\">\r\n                        <div class=\"blockFAQ__contents  active\" item-data=\"0\">\r\n                    <div class=\"blockFAQ__heading\">Basic Infromation  :<\/div>    \r\n                    <ul>\n<li>board &#8211; laminated furniture board 32mm<\/li>\n<li>edge &#8211; ABS veneer<\/li>\n<li>legs &#8211; 73.4 cm<\/li>\n<li>\n<p data-start=\"377\" data-end=\"411\"><strong data-start=\"377\" data-end=\"411\">Available finish options:<\/strong><\/p>\n<ul data-start=\"412\" data-end=\"524\">\n<li data-start=\"412\" data-end=\"452\">\n<p data-start=\"414\" data-end=\"452\"><strong data-start=\"414\" data-end=\"427\">Base:<\/strong> black, white, cashmere<\/p>\n<\/li>\n<li data-start=\"453\" data-end=\"524\">\n<p data-start=\"455\" data-end=\"524\"><strong data-start=\"455\" data-end=\"464\">Top:<\/strong> cashmere, artisan, kraft gold, black wood, alpine white<\/p>\n<\/li>\n<\/ul>\n<\/li>\n<\/ul>\n                <\/div>                <div class=\"blockFAQ__contents \" item-data=\"1\">\r\n                    <div class=\"blockFAQ__heading\">DESCRIPTION:<\/div>    \r\n                    <h3 data-start=\"180\" data-end=\"228\"><strong data-start=\"184\" data-end=\"228\">GARDA table &#8211; a style that attracts attention<\/strong><\/h3>\n<p data-start=\"230\" data-end=\"565\"><strong data-start=\"230\" data-end=\"239\">GARDA<\/strong> is a unique table that impresses with its form and attention to every detail. Designed with modern interiors in mind, it combines <strong data-start=\"376\" data-end=\"422\">elegance, functionality and bold design<\/strong>. The round top resting on a striking openwork base creates a solid that easily becomes the focal point of any dining room or living room.  <\/p>\n<h4 data-start=\"567\" data-end=\"596\"><strong data-start=\"572\" data-end=\"596\">Design and construction<\/strong><\/h4>\n<p data-start=\"597\" data-end=\"850\">The base of the table is made of metal &#8211; stable and modern in form, it attracts the eye and adds character to the interior. Its sculptural design resembles a fan or a spreading geometric form, which gives the table a lightness despite its solid structure. <\/p>\n<p data-start=\"852\" data-end=\"1115\">The tabletop, available in several elegant colorations, is made of durable furniture board resistant to everyday use. Color versions allow you to perfectly match the table to interiors of different styles &#8211; from Scandinavian to industrial or minimalist. <\/p>\n                <\/div>                <div class=\"blockFAQ__contents \" item-data=\"2\">\r\n                    <div class=\"blockFAQ__heading\">Product features:<\/div>    \r\n                    <p data-start=\"526\" data-end=\"545\"><strong data-start=\"526\" data-end=\"545\">Why is it worth it?<\/strong><\/p>\n<ul data-start=\"546\" data-end=\"724\">\n<li data-start=\"546\" data-end=\"578\">\n<p data-start=\"548\" data-end=\"578\">Careful details<\/p>\n<\/li>\n<li data-start=\"579\" data-end=\"610\">\n<p data-start=\"581\" data-end=\"610\">Stable metal base<\/p>\n<\/li>\n<li data-start=\"611\" data-end=\"673\">\n<p data-start=\"613\" data-end=\"673\">Variety of colors &#8211; you will match any interior<\/p>\n<\/li>\n<li data-start=\"674\" data-end=\"724\">\n<p data-start=\"676\" data-end=\"724\">Ideal for dining room, kitchen or living area<\/p>\n<\/li>\n<\/ul>\n                <\/div>                <div class=\"blockFAQ__contents \" item-data=\"3\">\r\n                    <div class=\"blockFAQ__heading\">fittings  :<\/div>    \r\n                    <ul>\n<li>metal base &#8211; powder coated legs<\/li>\n<\/ul>\n                <\/div>                <div class=\"blockFAQ__contents \" item-data=\"4\">\r\n                    <div class=\"blockFAQ__heading\">packaging:<\/div>    \r\n                    <ul>\n<li>\n<h4>number of packages &#8211; 5<\/h4>\n<\/li>\n<li>\n<h4>packing type: 5-ply carton<\/h4>\n<\/li>\n<li>\n<h5>package dimensions 1 &#8211; 107x57x10 cm<\/h5>\n<\/li>\n<li>net\/gross package weight 1 &#8211; 19.5 kg<\/li>\n<li>\n<h5>package dimensions 2 &#8211; 108x43x12 cm<\/h5>\n<\/li>\n<li>net\/gross package weight 2 &#8211; 19kg<\/li>\n<li>\n<h5>packet dimensions 3 &#8211; 69,5x34x11 cm<\/h5>\n<\/li>\n<li>net\/gross package weight 3 &#8211; 4.3kg<\/li>\n<li>\n<h5>package dimensions 4 &#8211; 58x55x76 cm<\/h5>\n<\/li>\n<li>net\/gross package weight 3 &#8211; 30kg<\/li>\n<li>\n<h5>package dimensions 5 &#8211; 65x12x76 cm<\/h5>\n<\/li>\n<li>net\/gross package weight 3 &#8211; 6kg<\/li>\n<\/ul>\n                <\/div>                <div class=\"blockFAQ__contents \" item-data=\"5\">\r\n                    <div class=\"blockFAQ__heading\">extra paid options:<\/div>    \r\n                    <p>no<\/p>\n                <\/div>    <\/div>\r\n        \r\n<\/section>  <section\r\n    class=\"section blockSliderLookBook mainCarouselStyle splide slider_right\"\r\n    id=\"block_4aa6c2d1b3733d9f9edf260a7d05e1a8\">\r\n    <div class=\"container\">\r\n      <div\r\n        class=\"blockSliderLookBook__designVariant design - 1 \"\r\n        style=\"background-color:\"><\/div>\r\n      <div class=\"blockSliderLookBook__wrapper mainCarouselStyle__wrapper\">\r\n\r\n        <div class=\"blockSliderLookBook__text mainCarouselStyle__text\">\r\n\t\t\t\t\t<p>see how you can decorate<\/p>\n<h2>OWN APARTMENT<\/h2>\n<p>get inspired by<\/p>\n\r\n          <div class=\"blockSliderLookBook__control mainCarouselStyle__control desktop\">\r\n            <button\r\n              class=\"blockSliderLookBook__arrow mainCarouselStyle__arrow blockSliderLookBook__arrow--prev mainCarouselStyle__arrow--prev\">\r\n              <svg width=\"18\" height=\"18\" viewBox=\"0 0 18 18\" fill=\"none\" xmlns=\"http:\/\/www.w3.org\/2000\/svg\">\r\n                <path\r\n                  d=\"M17.4367 8.10938H3.72337L11.9312 0.984375C12.0624 0.869531 11.9827 0.65625 11.8093 0.65625H9.73509C9.64368 0.65625 9.55696 0.689062 9.489 0.747656L0.631965 8.43281C0.550844 8.50313 0.485786 8.59006 0.441199 8.68772C0.396611 8.78537 0.373535 8.89147 0.373535 8.99883C0.373535 9.10618 0.396611 9.21228 0.441199 9.30994C0.485786 9.4076 0.550844 9.49453 0.631965 9.56484L9.54056 17.2969C9.57571 17.3273 9.6179 17.3438 9.66243 17.3438H11.807C11.9804 17.3438 12.0601 17.1281 11.9288 17.0156L3.72337 9.89062H17.4367C17.5398 9.89062 17.6242 9.80625 17.6242 9.70312V8.29688C17.6242 8.19375 17.5398 8.10938 17.4367 8.10938Z\"\r\n                  fill=\"#535353\"\/>\r\n              <\/svg>\r\n            <\/button>\r\n\r\n            <ul class=\"blockSliderLookBook__pagination mainCarouselStyle__pagination\"><\/ul>\r\n\r\n            <button\r\n              class=\"blockSliderLookBook__arrow mainCarouselStyle__arrow blockSliderLookBook__arrow--next mainCarouselStyle__arrow--next\">\r\n              <svg width=\"18\" height=\"18\" viewBox=\"0 0 18 18\" fill=\"none\" xmlns=\"http:\/\/www.w3.org\/2000\/svg\">\r\n                <path\r\n                  d=\"M17.3672 8.43281L8.5125 0.747656C8.44453 0.689062 8.35781 0.65625 8.26641 0.65625H6.19219C6.01875 0.65625 5.93906 0.871875 6.07031 0.984375L14.2781 8.10938H0.5625C0.459375 8.10938 0.375 8.19375 0.375 8.29688V9.70312C0.375 9.80625 0.459375 9.89062 0.5625 9.89062H14.2758L6.06797 17.0156C5.93672 17.1305 6.01641 17.3438 6.18984 17.3438H8.33438C8.37891 17.3438 8.42344 17.3273 8.45625 17.2969L17.3672 9.56719C17.4483 9.49663 17.5134 9.40949 17.558 9.31164C17.6025 9.2138 17.6256 9.10752 17.6256 9C17.6256 8.89248 17.6025 8.7862 17.558 8.68836C17.5134 8.59051 17.4483 8.50337 17.3672 8.43281Z\"\r\n                  fill=\"#535353\"\/>\r\n              <\/svg>\r\n            <\/button>\r\n          <\/div>\r\n        <\/div>\r\n\r\n        <div class=\"blockSliderLookBook__slider mainCarouselStyle__slider splide__track\">\r\n          <div class=\"splide__list\">\r\n\t\t\t\t\t\t          <\/div>\r\n        <\/div>\r\n      <\/div>\r\n    <\/div>\r\n  <\/section>\r\n\r\n<section class=\"section blockTextWithMap\" id=\"blockTextPhoto-block_a977b6c081a838661ccda5ecc55c04a9\">\r\n    <div class=\"blockTextWithMap__wrapper\">\r\n        <div class=\"blockTextWithMap__content\">\r\n            <p>Where will you find our<\/p>\n<h2 class=\"h5\">partner stores?<\/p>\n<p>We cooporate with many stores in Poland and Europe. However, our sales ranges reach almost all the continents.<\/p>\n            <a class=\"btn btn__primary blockTextWithMap__button\" href=\"https:\/\/jarstol.eu\/gdzie-kupic\/\">LOOK AT the map<\/a>\r\n        <\/div>\r\n        <div class=\"blockTextWithMap__map\" id=\"blockTextWithMap__map\" data-lat=\"51.3034976\" data-lng=\"17.5433444\" data-zoom=\"8\" data-title=\"Test\" data-addmarker=\"1\"><\/div>\r\n    <\/div>\r\n<\/section>    <section class=\"section blockContactBox \" id=\"blockContactBox-block_c296a09db4af4490a8e8fa1010aec104\">\r\n                    <img decoding=\"async\" class=\"blockContactBox__image\" src=\"https:\/\/jarstol.eu\/wp-content\/uploads\/2022\/01\/pexels-shvets-production-7516539.jpg\" alt=\"\">\r\n                            <div class=\"blockContactBox__content blockContactBox__content--red\">\r\n                <p>Do you have a problem?<\/p>\n<h2 class=\"h2\">assembly problem?<\/p>\n<p>&nbsp;<\/p>\n<h2 class=\"h3\">CALL CAROLINA<\/p>\n<p class=\"h3\"><strong><a>+48 573 208 044<\/a><\/strong><\/p>\n<p>We attach a clear assembly instruction to each piece of furniture. Before assembling the product, check out if you have all the necessary elements. If not, report the deficiencies to the complaints department. If you have any other assembly problem, please feel free to contact us.<\/p>\n            <\/div>\r\n            <\/section>\r\n","protected":false},"excerpt":{"rendered":"<p>GARDA table is a combination of distinctive design and practicality. The round top supported by an original openwork base creates a harmonious whole, which attracts the eye and blends well with modern and classic interiors. <\/p>\n","protected":false},"featured_media":22220,"template":"","meta":{"_acf_changed":true},"product_brand":[],"product_cat":[412,401,420,422,423],"product_tag":[],"class_list":{"0":"post-21880","1":"product","2":"type-product","3":"status-publish","4":"has-post-thumbnail","6":"product_cat-dining-room","7":"product_cat-living-room","8":"product_cat-modern","9":"product_cat-new","10":"product_cat-tables","12":"first","13":"instock","14":"shipping-taxable","15":"purchasable","16":"product-type-variable"},"acf":[],"yoast_head":"<!-- This site is optimized with the Yoast SEO plugin v27.0 - https:\/\/yoast.com\/product\/yoast-seo-wordpress\/ -->\n<title>GARDA TABLE -<\/title>\n<meta name=\"description\" content=\"Wysokiej jako\u015bci GARDA TABLE polskiego producenta Jarstol. Sprawd\u017a teraz gdzie mo\u017cesz kupi\u0107 nasze produkty w atrakcyjnych cenach!\" \/>\n<meta name=\"robots\" content=\"index, follow, max-snippet:-1, max-image-preview:large, max-video-preview:-1\" \/>\n<link rel=\"canonical\" href=\"https:\/\/jarstol.eu\/en\/produkt\/style\/modern\/mm-12-table-kopia\/\" \/>\n<meta property=\"og:locale\" content=\"en_US\" \/>\n<meta property=\"og:type\" content=\"article\" \/>\n<meta property=\"og:title\" content=\"GARDA TABLE -\" \/>\n<meta property=\"og:description\" content=\"Wysokiej jako\u015bci GARDA TABLE polskiego producenta Jarstol. Sprawd\u017a teraz gdzie mo\u017cesz kupi\u0107 nasze produkty w atrakcyjnych cenach!\" \/>\n<meta property=\"og:url\" content=\"https:\/\/jarstol.eu\/en\/produkt\/style\/modern\/mm-12-table-kopia\/\" \/>\n<meta property=\"og:site_name\" content=\"Fabryka Mebli JARSTOL\" \/>\n<meta property=\"article:modified_time\" content=\"2025-05-23T07:00:32+00:00\" \/>\n<meta property=\"og:image\" content=\"https:\/\/jarstol.eu\/wp-content\/uploads\/2025\/05\/JSK.jpg\" \/>\n\t<meta property=\"og:image:width\" content=\"1600\" \/>\n\t<meta property=\"og:image:height\" content=\"1200\" \/>\n\t<meta property=\"og:image:type\" content=\"image\/jpeg\" \/>\n<meta name=\"twitter:card\" content=\"summary_large_image\" \/>\n<script type=\"application\/ld+json\" class=\"yoast-schema-graph\">{\"@context\":\"https:\/\/schema.org\",\"@graph\":[{\"@type\":\"WebPage\",\"@id\":\"https:\/\/jarstol.eu\/en\/produkt\/style\/modern\/mm-12-table-kopia\/\",\"url\":\"https:\/\/jarstol.eu\/en\/produkt\/style\/modern\/mm-12-table-kopia\/\",\"name\":\"GARDA TABLE -\",\"isPartOf\":{\"@id\":\"https:\/\/jarstol.eu\/en\/#website\"},\"primaryImageOfPage\":{\"@id\":\"https:\/\/jarstol.eu\/en\/produkt\/style\/modern\/mm-12-table-kopia\/#primaryimage\"},\"image\":{\"@id\":\"https:\/\/jarstol.eu\/en\/produkt\/style\/modern\/mm-12-table-kopia\/#primaryimage\"},\"thumbnailUrl\":\"https:\/\/jarstol.eu\/wp-content\/uploads\/2025\/05\/5.png\",\"datePublished\":\"2025-05-22T08:40:47+00:00\",\"dateModified\":\"2025-05-23T07:00:32+00:00\",\"description\":\"Wysokiej jako\u015bci GARDA TABLE polskiego producenta Jarstol. Sprawd\u017a teraz gdzie mo\u017cesz kupi\u0107 nasze produkty w atrakcyjnych cenach!\",\"breadcrumb\":{\"@id\":\"https:\/\/jarstol.eu\/en\/produkt\/style\/modern\/mm-12-table-kopia\/#breadcrumb\"},\"inLanguage\":\"en-US\",\"potentialAction\":[{\"@type\":\"ReadAction\",\"target\":[\"https:\/\/jarstol.eu\/en\/produkt\/style\/modern\/mm-12-table-kopia\/\"]}]},{\"@type\":\"ImageObject\",\"inLanguage\":\"en-US\",\"@id\":\"https:\/\/jarstol.eu\/en\/produkt\/style\/modern\/mm-12-table-kopia\/#primaryimage\",\"url\":\"https:\/\/jarstol.eu\/wp-content\/uploads\/2025\/05\/5.png\",\"contentUrl\":\"https:\/\/jarstol.eu\/wp-content\/uploads\/2025\/05\/5.png\",\"width\":1600,\"height\":1200},{\"@type\":\"BreadcrumbList\",\"@id\":\"https:\/\/jarstol.eu\/en\/produkt\/style\/modern\/mm-12-table-kopia\/#breadcrumb\",\"itemListElement\":[{\"@type\":\"ListItem\",\"position\":1,\"name\":\"Strona g\u0142\u00f3wna\",\"item\":\"https:\/\/jarstol.eu\/en\/\"},{\"@type\":\"ListItem\",\"position\":2,\"name\":\"Shop\",\"item\":\"https:\/\/jarstol.eu\/en\/shop\/\"},{\"@type\":\"ListItem\",\"position\":3,\"name\":\"GARDA TABLE\"}]},{\"@type\":\"WebSite\",\"@id\":\"https:\/\/jarstol.eu\/en\/#website\",\"url\":\"https:\/\/jarstol.eu\/en\/\",\"name\":\"Fabryka Mebli JARSTOL\",\"description\":\"\",\"potentialAction\":[{\"@type\":\"SearchAction\",\"target\":{\"@type\":\"EntryPoint\",\"urlTemplate\":\"https:\/\/jarstol.eu\/en\/?s={search_term_string}\"},\"query-input\":{\"@type\":\"PropertyValueSpecification\",\"valueRequired\":true,\"valueName\":\"search_term_string\"}}],\"inLanguage\":\"en-US\"}]}<\/script>\n<!-- \/ Yoast SEO plugin. -->","yoast_head_json":{"title":"GARDA TABLE -","description":"Wysokiej jako\u015bci GARDA TABLE polskiego producenta Jarstol. Sprawd\u017a teraz gdzie mo\u017cesz kupi\u0107 nasze produkty w atrakcyjnych cenach!","robots":{"index":"index","follow":"follow","max-snippet":"max-snippet:-1","max-image-preview":"max-image-preview:large","max-video-preview":"max-video-preview:-1"},"canonical":"https:\/\/jarstol.eu\/en\/produkt\/style\/modern\/mm-12-table-kopia\/","og_locale":"en_US","og_type":"article","og_title":"GARDA TABLE -","og_description":"Wysokiej jako\u015bci GARDA TABLE polskiego producenta Jarstol. Sprawd\u017a teraz gdzie mo\u017cesz kupi\u0107 nasze produkty w atrakcyjnych cenach!","og_url":"https:\/\/jarstol.eu\/en\/produkt\/style\/modern\/mm-12-table-kopia\/","og_site_name":"Fabryka Mebli JARSTOL","article_modified_time":"2025-05-23T07:00:32+00:00","og_image":[{"width":1600,"height":1200,"url":"https:\/\/jarstol.eu\/wp-content\/uploads\/2025\/05\/JSK.jpg","type":"image\/jpeg"}],"twitter_card":"summary_large_image","schema":{"@context":"https:\/\/schema.org","@graph":[{"@type":"WebPage","@id":"https:\/\/jarstol.eu\/en\/produkt\/style\/modern\/mm-12-table-kopia\/","url":"https:\/\/jarstol.eu\/en\/produkt\/style\/modern\/mm-12-table-kopia\/","name":"GARDA TABLE -","isPartOf":{"@id":"https:\/\/jarstol.eu\/en\/#website"},"primaryImageOfPage":{"@id":"https:\/\/jarstol.eu\/en\/produkt\/style\/modern\/mm-12-table-kopia\/#primaryimage"},"image":{"@id":"https:\/\/jarstol.eu\/en\/produkt\/style\/modern\/mm-12-table-kopia\/#primaryimage"},"thumbnailUrl":"https:\/\/jarstol.eu\/wp-content\/uploads\/2025\/05\/5.png","datePublished":"2025-05-22T08:40:47+00:00","dateModified":"2025-05-23T07:00:32+00:00","description":"Wysokiej jako\u015bci GARDA TABLE polskiego producenta Jarstol. Sprawd\u017a teraz gdzie mo\u017cesz kupi\u0107 nasze produkty w atrakcyjnych cenach!","breadcrumb":{"@id":"https:\/\/jarstol.eu\/en\/produkt\/style\/modern\/mm-12-table-kopia\/#breadcrumb"},"inLanguage":"en-US","potentialAction":[{"@type":"ReadAction","target":["https:\/\/jarstol.eu\/en\/produkt\/style\/modern\/mm-12-table-kopia\/"]}]},{"@type":"ImageObject","inLanguage":"en-US","@id":"https:\/\/jarstol.eu\/en\/produkt\/style\/modern\/mm-12-table-kopia\/#primaryimage","url":"https:\/\/jarstol.eu\/wp-content\/uploads\/2025\/05\/5.png","contentUrl":"https:\/\/jarstol.eu\/wp-content\/uploads\/2025\/05\/5.png","width":1600,"height":1200},{"@type":"BreadcrumbList","@id":"https:\/\/jarstol.eu\/en\/produkt\/style\/modern\/mm-12-table-kopia\/#breadcrumb","itemListElement":[{"@type":"ListItem","position":1,"name":"Strona g\u0142\u00f3wna","item":"https:\/\/jarstol.eu\/en\/"},{"@type":"ListItem","position":2,"name":"Shop","item":"https:\/\/jarstol.eu\/en\/shop\/"},{"@type":"ListItem","position":3,"name":"GARDA TABLE"}]},{"@type":"WebSite","@id":"https:\/\/jarstol.eu\/en\/#website","url":"https:\/\/jarstol.eu\/en\/","name":"Fabryka Mebli JARSTOL","description":"","potentialAction":[{"@type":"SearchAction","target":{"@type":"EntryPoint","urlTemplate":"https:\/\/jarstol.eu\/en\/?s={search_term_string}"},"query-input":{"@type":"PropertyValueSpecification","valueRequired":true,"valueName":"search_term_string"}}],"inLanguage":"en-US"}]}},"_links":{"self":[{"href":"https:\/\/jarstol.eu\/en\/wp-json\/wp\/v2\/product\/21880","targetHints":{"allow":["GET"]}}],"collection":[{"href":"https:\/\/jarstol.eu\/en\/wp-json\/wp\/v2\/product"}],"about":[{"href":"https:\/\/jarstol.eu\/en\/wp-json\/wp\/v2\/types\/product"}],"wp:featuredmedia":[{"embeddable":true,"href":"https:\/\/jarstol.eu\/en\/wp-json\/wp\/v2\/media\/22220"}],"wp:attachment":[{"href":"https:\/\/jarstol.eu\/en\/wp-json\/wp\/v2\/media?parent=21880"}],"wp:term":[{"taxonomy":"product_brand","embeddable":true,"href":"https:\/\/jarstol.eu\/en\/wp-json\/wp\/v2\/product_brand?post=21880"},{"taxonomy":"product_cat","embeddable":true,"href":"https:\/\/jarstol.eu\/en\/wp-json\/wp\/v2\/product_cat?post=21880"},{"taxonomy":"product_tag","embeddable":true,"href":"https:\/\/jarstol.eu\/en\/wp-json\/wp\/v2\/product_tag?post=21880"}],"curies":[{"name":"wp","href":"https:\/\/api.w.org\/{rel}","templated":true}]}}