{"id":10449,"date":"2022-01-13T16:57:08","date_gmt":"2022-01-13T15:57:08","guid":{"rendered":"https:\/\/jarstol.eu\/produkt\/uncategorized\/karol-two-door-wardrobe\/"},"modified":"2025-03-11T09:22:55","modified_gmt":"2025-03-11T08:22:55","slug":"karol-two-door-wardrobe","status":"publish","type":"product","link":"https:\/\/jarstol.eu\/en\/produkt\/style\/modern\/karol-two-door-wardrobe\/","title":{"rendered":"TWO DOOR CLOSET KAROL"},"content":{"rendered":"<section class=\"section blockFAQ\" id=\"blockFAQ-block_a757c4429aa0818aa29e723268ebc296\">\r\n    <div class=\"blockFAQ__row\">\r\n        <p class=\"blockFAQ__desc\">choose<\/p><h2>YOUR OWN STYLE<\/h2><div class=\"blockFAQ__wysiwyg\"><p>Regardless of the room in which the wardrobe will stand, it should have shelves and a bar for hangers. Sliding or tilting doors? Bright colours and airy, Provencal atmosphere or deep, saturated colours and an expressive style? The choice is entirely up to you!<\/p>\n<\/div>        <div class=\"blockFAQ__content\">\r\n            <div class=\"blockFAQ__caption  active\" item-data=\"0\">Basic information<\/div><div class=\"blockFAQ__caption \" item-data=\"1\">fittings<\/div><div class=\"blockFAQ__caption \" item-data=\"2\">extra paid options<\/div><div class=\"blockFAQ__caption \" item-data=\"3\">packaging  <\/div>        <\/div>\r\n    <\/div>\r\n    <div class=\"blockFAQ__row blockFAQ__row--background\">\r\n                        <div class=\"blockFAQ__contents  active\" item-data=\"0\">\r\n                    <div class=\"blockFAQ__heading\">Basic information:<\/div>    \r\n                    <ul>\n<li>board &#8211; laminated furniture board<\/li>\n<li>edge &#8211; ABS veneer<\/li>\n<li>back of the wardrobe &#8211; WHITE HDF board<\/li>\n<li>bar &#8211; metal, 85 cm long<\/li>\n<\/ul>\n                <\/div>                <div class=\"blockFAQ__contents \" item-data=\"1\">\r\n                    <div class=\"blockFAQ__heading\">fittings:<\/div>    \r\n                    <ul>\n<li>handles &#8211; metal<\/li>\n<\/ul>\n                <\/div>                <div class=\"blockFAQ__contents \" item-data=\"2\">\r\n                    <div class=\"blockFAQ__heading\">extra paid options:<\/div>    \r\n                    <div class=\"elementor-element elementor-element-952af66 list-jarstol elementor-widget elementor-widget-text-editor\" data-id=\"952af66\" data-element_type=\"widget\" data-widget_type=\"text-editor.default\">\n<div class=\"elementor-widget-container\">\n<div class=\"elementor-text-editor elementor-clearfix\">\n<ul>\n<li>additional shelves &#8211; PLN 149<\/li>\n<li>mirror &#8211; 259 z\u0142<\/li>\n<\/ul>\n<\/div>\n<\/div>\n<\/div>\n                <\/div>                <div class=\"blockFAQ__contents \" item-data=\"3\">\r\n                    <div class=\"blockFAQ__heading\">packaging  :<\/div>    \r\n                    <p>number of packages &#8211; 5<\/p>\n<p>packing type: 5-ply carton<\/p>\n<p>package dimensions 1 &#8211; 246&#215;66,5&#215;7 cm<\/p>\n<p>net\/gross weight of package 1 &#8211; 54\/55 kg<\/p>\n<p>package volume 1 &#8211; 0.11 m3<\/p>\n<p>package dimensions 2 &#8211; 230x72x7.5 cm<\/p>\n<p>net\/gross weight of package 2 &#8211; 37\/38 kg<\/p>\n<p>package volume 2 &#8211; 0.12 m3<\/p>\n<p>package dimensions 3 &#8211; 143&#215;65.5&#215;10.5 cm<\/p>\n<p>net\/gross weight of package 3 &#8211; 47.5\/48.5kg<\/p>\n<p>package volume 3 &#8211; 0.10 m3<\/p>\n<p>packet dimensions 4 &#8211; 58.5&#215;52.5&#215;7 cm<\/p>\n<p>net\/gross weight of package 4 &#8211; 9.1\/10.1 kg<\/p>\n<p>package volume 4 &#8211; 0.02 m3<\/p>\n<p>package dimensions 5 &#8211; 240x8x5 cm<\/p>\n<p>net\/gross package weight 5 &#8211; 1\/2 kg<\/p>\n<p>package volume 5 &#8211; 0.01 m3<\/p>\n<p>Package with instructions and hardware: 1\/5<\/p>\n                <\/div>    <\/div>\r\n        \r\n<\/section>  <section\r\n    class=\"section blockSliderLookBook mainCarouselStyle splide slider_right\"\r\n    id=\"block_af15d87a5fc3a343a88e97b15af0932a\">\r\n    <div class=\"container\">\r\n      <div\r\n        class=\"blockSliderLookBook__designVariant design - 1 \"\r\n        style=\"background-color:#f4f6fd\"><\/div>\r\n      <div class=\"blockSliderLookBook__wrapper mainCarouselStyle__wrapper\">\r\n\r\n        <div class=\"blockSliderLookBook__text mainCarouselStyle__text\">\r\n\t\t\t\t\t<p>see how you can decorate<\/p>\n<h2>OWN APARTMENT<\/h2>\n<p>get inspired by<\/p>\n\r\n          <div class=\"blockSliderLookBook__control mainCarouselStyle__control desktop\">\r\n            <button\r\n              class=\"blockSliderLookBook__arrow mainCarouselStyle__arrow blockSliderLookBook__arrow--prev mainCarouselStyle__arrow--prev\">\r\n              <svg width=\"18\" height=\"18\" viewBox=\"0 0 18 18\" fill=\"none\" xmlns=\"http:\/\/www.w3.org\/2000\/svg\">\r\n                <path\r\n                  d=\"M17.4367 8.10938H3.72337L11.9312 0.984375C12.0624 0.869531 11.9827 0.65625 11.8093 0.65625H9.73509C9.64368 0.65625 9.55696 0.689062 9.489 0.747656L0.631965 8.43281C0.550844 8.50313 0.485786 8.59006 0.441199 8.68772C0.396611 8.78537 0.373535 8.89147 0.373535 8.99883C0.373535 9.10618 0.396611 9.21228 0.441199 9.30994C0.485786 9.4076 0.550844 9.49453 0.631965 9.56484L9.54056 17.2969C9.57571 17.3273 9.6179 17.3438 9.66243 17.3438H11.807C11.9804 17.3438 12.0601 17.1281 11.9288 17.0156L3.72337 9.89062H17.4367C17.5398 9.89062 17.6242 9.80625 17.6242 9.70312V8.29688C17.6242 8.19375 17.5398 8.10938 17.4367 8.10938Z\"\r\n                  fill=\"#535353\"\/>\r\n              <\/svg>\r\n            <\/button>\r\n\r\n            <ul class=\"blockSliderLookBook__pagination mainCarouselStyle__pagination\"><\/ul>\r\n\r\n            <button\r\n              class=\"blockSliderLookBook__arrow mainCarouselStyle__arrow blockSliderLookBook__arrow--next mainCarouselStyle__arrow--next\">\r\n              <svg width=\"18\" height=\"18\" viewBox=\"0 0 18 18\" fill=\"none\" xmlns=\"http:\/\/www.w3.org\/2000\/svg\">\r\n                <path\r\n                  d=\"M17.3672 8.43281L8.5125 0.747656C8.44453 0.689062 8.35781 0.65625 8.26641 0.65625H6.19219C6.01875 0.65625 5.93906 0.871875 6.07031 0.984375L14.2781 8.10938H0.5625C0.459375 8.10938 0.375 8.19375 0.375 8.29688V9.70312C0.375 9.80625 0.459375 9.89062 0.5625 9.89062H14.2758L6.06797 17.0156C5.93672 17.1305 6.01641 17.3438 6.18984 17.3438H8.33438C8.37891 17.3438 8.42344 17.3273 8.45625 17.2969L17.3672 9.56719C17.4483 9.49663 17.5134 9.40949 17.558 9.31164C17.6025 9.2138 17.6256 9.10752 17.6256 9C17.6256 8.89248 17.6025 8.7862 17.558 8.68836C17.5134 8.59051 17.4483 8.50337 17.3672 8.43281Z\"\r\n                  fill=\"#535353\"\/>\r\n              <\/svg>\r\n            <\/button>\r\n          <\/div>\r\n        <\/div>\r\n\r\n        <div class=\"blockSliderLookBook__slider mainCarouselStyle__slider splide__track\">\r\n          <div class=\"splide__list\">\r\n\t\t\t\t\t\t\t\t\t\t\t\t\t                <div class=\"splide__slide lookbook\">\r\n\t\t\t\t\t\t\t\t\t            <div class=\"woocommerce-lookbook wlb-show-node wlb-lookbook-item-wrapper\">\r\n                <div class=\"woocommerce-lookbook-inner\">\r\n                    <img decoding=\"async\" src=\"https:\/\/jarstol.eu\/wp-content\/uploads\/2022\/03\/Maciej-szafa-lefkas-scaled.jpg\" class=\"wlb-image\"\/>\r\n\t\t\t\t\t                <div class=\"wlb-marker wlb-item wlb-ajax\"\r\n                     data-pid=\"10450\"\r\n                     style=\"left: 52.36%;top:46.93%;\">\r\n\t\t\t\t\t                    <div class=\"wlb-pulse\"><\/div>\r\n                    <div class=\"wlb-dot\"><\/div>\r\n\t\t\t\t\t<div class=\"wlb-speech wlb-speech-right wlb-speech-top\"><div class=\"wlb-speech-bubble\">LARGE BEDROOM CLOSET MACIEJ<\/div><\/div>                <\/div>\r\n\t\t\t\t\t\t\t\t\t\t                <\/div>\r\n            <\/div>\r\n            <div class=\"wlb-clearfix\"><\/div>\r\n\t\t                <\/div>\r\n\t\t\t\t\t\t\t\t\t\t\t\t\t          <\/div>\r\n        <\/div>\r\n      <\/div>\r\n    <\/div>\r\n  <\/section>\r\n\r\n<section class=\"section blockTextWithMap\" id=\"blockTextPhoto-block_c1897fe02543164d00a0d5e2c0df24ad\">\r\n    <div class=\"blockTextWithMap__wrapper\">\r\n        <div class=\"blockTextWithMap__content\">\r\n            <p>Where will you find our<\/p>\n<p class='h5'>partner stores?<\/p>\n<p>We cooporate with many stores in Poland and Europe. However, our sales ranges reach almost all the continents.<\/p>\n            <a class=\"btn btn__primary blockTextWithMap__button\" href=\"https:\/\/jarstol.eu\/gdzie-kupic\/\">LOOK AT the map<\/a>\r\n        <\/div>\r\n        <div class=\"blockTextWithMap__map\" id=\"blockTextWithMap__map\" data-lat=\"0\" data-lng=\"0\" data-zoom=\"8\" data-title=\"Test\" data-addmarker=\"1\"><\/div>\r\n    <\/div>\r\n<\/section>    <section class=\"section blockContactBox \" id=\"blockContactBox-block_bd552f911f8944ed8bd53fec2c08d613\">\r\n                    <img decoding=\"async\" class=\"blockContactBox__image\" src=\"https:\/\/jarstol.eu\/wp-content\/uploads\/2022\/01\/pexels-shvets-production-7516539.jpg\" alt=\"\">\r\n                            <div class=\"blockContactBox__content blockContactBox__content--green\">\r\n                <p>Do you have a problem?<\/p>\n<p class='h2'>assembly problem?<\/p>\n<p class='h3'>CALL CAROLINA<\/p>\n<p class='h3'><a>+48 573 208 044<\/a><\/p>\n<p>We attach a clear assembly instruction to each piece of furniture. Before assembling the product, check out if you have all the necessary elements. If not, report the deficiencies to the complaints department. If you have any other assembly problem, please feel free to contact us.<\/p>\n            <\/div>\r\n            <\/section>\r\n","protected":false},"excerpt":{"rendered":"<p>A small but capacious wardrobe with sliding doors. Perfect for small interiors, due to its depth, it allows you to store more things. There is also the option of additional shelves and mirrors that will enlarge a small space. Because of the possibility of selecting the colours of the bodies and fronts, it will certainly fit perfectly into our room.<\/p>\n","protected":false},"featured_media":13477,"template":"","meta":{"_acf_changed":false},"product_brand":[],"product_cat":[402,401,420,404],"product_tag":[],"class_list":{"0":"post-10449","1":"product","2":"type-product","3":"status-publish","4":"has-post-thumbnail","6":"product_cat-bedroom","7":"product_cat-living-room","8":"product_cat-modern","9":"product_cat-wardrobes","11":"first","12":"instock","13":"shipping-taxable","14":"purchasable","15":"product-type-variable"},"acf":[],"yoast_head":"<!-- This site is optimized with the Yoast SEO plugin v27.0 - https:\/\/yoast.com\/product\/yoast-seo-wordpress\/ -->\n<title>TWO DOOR CLOSET KAROL -<\/title>\n<meta name=\"description\" content=\"Wysokiej jako\u015bci TWO DOOR CLOSET KAROL polskiego producenta Jarstol. Sprawd\u017a teraz gdzie mo\u017cesz kupi\u0107 nasze produkty w atrakcyjnych cenach!\" \/>\n<meta name=\"robots\" content=\"index, follow, max-snippet:-1, max-image-preview:large, max-video-preview:-1\" \/>\n<link rel=\"canonical\" href=\"https:\/\/jarstol.eu\/en\/produkt\/style\/modern\/karol-two-door-wardrobe\/\" \/>\n<meta property=\"og:locale\" content=\"en_US\" \/>\n<meta property=\"og:type\" content=\"article\" \/>\n<meta property=\"og:title\" content=\"TWO DOOR CLOSET KAROL -\" \/>\n<meta property=\"og:description\" content=\"Wysokiej jako\u015bci TWO DOOR CLOSET KAROL polskiego producenta Jarstol. Sprawd\u017a teraz gdzie mo\u017cesz kupi\u0107 nasze produkty w atrakcyjnych cenach!\" \/>\n<meta property=\"og:url\" content=\"https:\/\/jarstol.eu\/en\/produkt\/style\/modern\/karol-two-door-wardrobe\/\" \/>\n<meta property=\"og:site_name\" content=\"Fabryka Mebli JARSTOL\" \/>\n<meta property=\"article:modified_time\" content=\"2025-03-11T08:22:55+00:00\" \/>\n<meta property=\"og:image\" content=\"https:\/\/jarstol.eu\/wp-content\/uploads\/2022\/01\/Karol_artisan.jpg\" \/>\n\t<meta property=\"og:image:width\" content=\"1500\" \/>\n\t<meta property=\"og:image:height\" content=\"1500\" \/>\n\t<meta property=\"og:image:type\" content=\"image\/jpeg\" \/>\n<meta name=\"twitter:card\" content=\"summary_large_image\" \/>\n<script type=\"application\/ld+json\" class=\"yoast-schema-graph\">{\"@context\":\"https:\/\/schema.org\",\"@graph\":[{\"@type\":\"WebPage\",\"@id\":\"https:\/\/jarstol.eu\/en\/produkt\/style\/modern\/karol-two-door-wardrobe\/\",\"url\":\"https:\/\/jarstol.eu\/en\/produkt\/style\/modern\/karol-two-door-wardrobe\/\",\"name\":\"TWO DOOR CLOSET KAROL -\",\"isPartOf\":{\"@id\":\"https:\/\/jarstol.eu\/en\/#website\"},\"primaryImageOfPage\":{\"@id\":\"https:\/\/jarstol.eu\/en\/produkt\/style\/modern\/karol-two-door-wardrobe\/#primaryimage\"},\"image\":{\"@id\":\"https:\/\/jarstol.eu\/en\/produkt\/style\/modern\/karol-two-door-wardrobe\/#primaryimage\"},\"thumbnailUrl\":\"https:\/\/jarstol.eu\/wp-content\/uploads\/2022\/01\/Karol_artisan.jpg\",\"datePublished\":\"2022-01-13T15:57:08+00:00\",\"dateModified\":\"2025-03-11T08:22:55+00:00\",\"description\":\"Wysokiej jako\u015bci TWO DOOR CLOSET KAROL polskiego producenta Jarstol. Sprawd\u017a teraz gdzie mo\u017cesz kupi\u0107 nasze produkty w atrakcyjnych cenach!\",\"breadcrumb\":{\"@id\":\"https:\/\/jarstol.eu\/en\/produkt\/style\/modern\/karol-two-door-wardrobe\/#breadcrumb\"},\"inLanguage\":\"en-US\",\"potentialAction\":[{\"@type\":\"ReadAction\",\"target\":[\"https:\/\/jarstol.eu\/en\/produkt\/style\/modern\/karol-two-door-wardrobe\/\"]}]},{\"@type\":\"ImageObject\",\"inLanguage\":\"en-US\",\"@id\":\"https:\/\/jarstol.eu\/en\/produkt\/style\/modern\/karol-two-door-wardrobe\/#primaryimage\",\"url\":\"https:\/\/jarstol.eu\/wp-content\/uploads\/2022\/01\/Karol_artisan.jpg\",\"contentUrl\":\"https:\/\/jarstol.eu\/wp-content\/uploads\/2022\/01\/Karol_artisan.jpg\",\"width\":1500,\"height\":1500},{\"@type\":\"BreadcrumbList\",\"@id\":\"https:\/\/jarstol.eu\/en\/produkt\/style\/modern\/karol-two-door-wardrobe\/#breadcrumb\",\"itemListElement\":[{\"@type\":\"ListItem\",\"position\":1,\"name\":\"Strona g\u0142\u00f3wna\",\"item\":\"https:\/\/jarstol.eu\/en\/\"},{\"@type\":\"ListItem\",\"position\":2,\"name\":\"Shop\",\"item\":\"https:\/\/jarstol.eu\/en\/shop\/\"},{\"@type\":\"ListItem\",\"position\":3,\"name\":\"TWO DOOR CLOSET KAROL\"}]},{\"@type\":\"WebSite\",\"@id\":\"https:\/\/jarstol.eu\/en\/#website\",\"url\":\"https:\/\/jarstol.eu\/en\/\",\"name\":\"Fabryka Mebli JARSTOL\",\"description\":\"\",\"potentialAction\":[{\"@type\":\"SearchAction\",\"target\":{\"@type\":\"EntryPoint\",\"urlTemplate\":\"https:\/\/jarstol.eu\/en\/?s={search_term_string}\"},\"query-input\":{\"@type\":\"PropertyValueSpecification\",\"valueRequired\":true,\"valueName\":\"search_term_string\"}}],\"inLanguage\":\"en-US\"}]}<\/script>\n<!-- \/ Yoast SEO plugin. -->","yoast_head_json":{"title":"TWO DOOR CLOSET KAROL -","description":"Wysokiej jako\u015bci TWO DOOR CLOSET KAROL polskiego producenta Jarstol. Sprawd\u017a teraz gdzie mo\u017cesz kupi\u0107 nasze produkty w atrakcyjnych cenach!","robots":{"index":"index","follow":"follow","max-snippet":"max-snippet:-1","max-image-preview":"max-image-preview:large","max-video-preview":"max-video-preview:-1"},"canonical":"https:\/\/jarstol.eu\/en\/produkt\/style\/modern\/karol-two-door-wardrobe\/","og_locale":"en_US","og_type":"article","og_title":"TWO DOOR CLOSET KAROL -","og_description":"Wysokiej jako\u015bci TWO DOOR CLOSET KAROL polskiego producenta Jarstol. Sprawd\u017a teraz gdzie mo\u017cesz kupi\u0107 nasze produkty w atrakcyjnych cenach!","og_url":"https:\/\/jarstol.eu\/en\/produkt\/style\/modern\/karol-two-door-wardrobe\/","og_site_name":"Fabryka Mebli JARSTOL","article_modified_time":"2025-03-11T08:22:55+00:00","og_image":[{"width":1500,"height":1500,"url":"https:\/\/jarstol.eu\/wp-content\/uploads\/2022\/01\/Karol_artisan.jpg","type":"image\/jpeg"}],"twitter_card":"summary_large_image","schema":{"@context":"https:\/\/schema.org","@graph":[{"@type":"WebPage","@id":"https:\/\/jarstol.eu\/en\/produkt\/style\/modern\/karol-two-door-wardrobe\/","url":"https:\/\/jarstol.eu\/en\/produkt\/style\/modern\/karol-two-door-wardrobe\/","name":"TWO DOOR CLOSET KAROL -","isPartOf":{"@id":"https:\/\/jarstol.eu\/en\/#website"},"primaryImageOfPage":{"@id":"https:\/\/jarstol.eu\/en\/produkt\/style\/modern\/karol-two-door-wardrobe\/#primaryimage"},"image":{"@id":"https:\/\/jarstol.eu\/en\/produkt\/style\/modern\/karol-two-door-wardrobe\/#primaryimage"},"thumbnailUrl":"https:\/\/jarstol.eu\/wp-content\/uploads\/2022\/01\/Karol_artisan.jpg","datePublished":"2022-01-13T15:57:08+00:00","dateModified":"2025-03-11T08:22:55+00:00","description":"Wysokiej jako\u015bci TWO DOOR CLOSET KAROL polskiego producenta Jarstol. Sprawd\u017a teraz gdzie mo\u017cesz kupi\u0107 nasze produkty w atrakcyjnych cenach!","breadcrumb":{"@id":"https:\/\/jarstol.eu\/en\/produkt\/style\/modern\/karol-two-door-wardrobe\/#breadcrumb"},"inLanguage":"en-US","potentialAction":[{"@type":"ReadAction","target":["https:\/\/jarstol.eu\/en\/produkt\/style\/modern\/karol-two-door-wardrobe\/"]}]},{"@type":"ImageObject","inLanguage":"en-US","@id":"https:\/\/jarstol.eu\/en\/produkt\/style\/modern\/karol-two-door-wardrobe\/#primaryimage","url":"https:\/\/jarstol.eu\/wp-content\/uploads\/2022\/01\/Karol_artisan.jpg","contentUrl":"https:\/\/jarstol.eu\/wp-content\/uploads\/2022\/01\/Karol_artisan.jpg","width":1500,"height":1500},{"@type":"BreadcrumbList","@id":"https:\/\/jarstol.eu\/en\/produkt\/style\/modern\/karol-two-door-wardrobe\/#breadcrumb","itemListElement":[{"@type":"ListItem","position":1,"name":"Strona g\u0142\u00f3wna","item":"https:\/\/jarstol.eu\/en\/"},{"@type":"ListItem","position":2,"name":"Shop","item":"https:\/\/jarstol.eu\/en\/shop\/"},{"@type":"ListItem","position":3,"name":"TWO DOOR CLOSET KAROL"}]},{"@type":"WebSite","@id":"https:\/\/jarstol.eu\/en\/#website","url":"https:\/\/jarstol.eu\/en\/","name":"Fabryka Mebli JARSTOL","description":"","potentialAction":[{"@type":"SearchAction","target":{"@type":"EntryPoint","urlTemplate":"https:\/\/jarstol.eu\/en\/?s={search_term_string}"},"query-input":{"@type":"PropertyValueSpecification","valueRequired":true,"valueName":"search_term_string"}}],"inLanguage":"en-US"}]}},"_links":{"self":[{"href":"https:\/\/jarstol.eu\/en\/wp-json\/wp\/v2\/product\/10449","targetHints":{"allow":["GET"]}}],"collection":[{"href":"https:\/\/jarstol.eu\/en\/wp-json\/wp\/v2\/product"}],"about":[{"href":"https:\/\/jarstol.eu\/en\/wp-json\/wp\/v2\/types\/product"}],"wp:featuredmedia":[{"embeddable":true,"href":"https:\/\/jarstol.eu\/en\/wp-json\/wp\/v2\/media\/13477"}],"wp:attachment":[{"href":"https:\/\/jarstol.eu\/en\/wp-json\/wp\/v2\/media?parent=10449"}],"wp:term":[{"taxonomy":"product_brand","embeddable":true,"href":"https:\/\/jarstol.eu\/en\/wp-json\/wp\/v2\/product_brand?post=10449"},{"taxonomy":"product_cat","embeddable":true,"href":"https:\/\/jarstol.eu\/en\/wp-json\/wp\/v2\/product_cat?post=10449"},{"taxonomy":"product_tag","embeddable":true,"href":"https:\/\/jarstol.eu\/en\/wp-json\/wp\/v2\/product_tag?post=10449"}],"curies":[{"name":"wp","href":"https:\/\/api.w.org\/{rel}","templated":true}]}}