{"id":10446,"date":"2022-01-13T16:30:52","date_gmt":"2022-01-13T15:30:52","guid":{"rendered":"https:\/\/jarstol.eu\/produkt\/uncategorized\/lux-hallway-wardrobe\/"},"modified":"2022-03-28T14:13:46","modified_gmt":"2022-03-28T12:13:46","slug":"lux-hallway-wardrobe","status":"publish","type":"product","link":"https:\/\/jarstol.eu\/en\/produkt\/style\/modern\/lux-hallway-wardrobe\/","title":{"rendered":"LUX HALLWAY WARDROBE"},"content":{"rendered":"<section class=\"section blockFAQ\" id=\"blockFAQ-block_61bae8c1a7265\">\r\n    <div class=\"blockFAQ__row\">\r\n        <p class=\"blockFAQ__desc\">choose<\/p><h2>YOUR OWN STYLE<\/h2><div class=\"blockFAQ__wysiwyg\"><p>Are you looking for a functional hallway furniture? Do you want a soothing order to greet you when you enter your house or flat?<\/p>\n<\/div>        <div class=\"blockFAQ__content\">\r\n            <div class=\"blockFAQ__caption  active\" item-data=\"0\">Basic information<\/div><div class=\"blockFAQ__caption \" item-data=\"1\">fittings<\/div><div class=\"blockFAQ__caption \" item-data=\"2\">additional options<\/div>        <\/div>\r\n    <\/div>\r\n    <div class=\"blockFAQ__row blockFAQ__row--background\">\r\n                        <div class=\"blockFAQ__contents  active\" item-data=\"0\">\r\n                    <div class=\"blockFAQ__heading\">Basic information:<\/div>    \r\n                    <ul>\n<li>board &#8211; laminated furniture board<\/li>\n<li>edge &#8211; ABS veneer<\/li>\n<li>back of the wardrobe &#8211; HDF board<\/li>\n<li>QTY of packages &#8211; 2<\/li>\n<\/ul>\n                <\/div>                <div class=\"blockFAQ__contents \" item-data=\"1\">\r\n                    <div class=\"blockFAQ__heading\">fittings:<\/div>    \r\n                    <ul>\n<li>handles &#8211; metal<\/li>\n<li>hinges &#8211; metal<\/li>\n<\/ul>\n                <\/div>                <div class=\"blockFAQ__contents \" item-data=\"2\">\r\n                    <div class=\"blockFAQ__heading\">additional options:<\/div>    \r\n                    <ul>\n<li>no<\/li>\n<\/ul>\n                <\/div>    <\/div>\r\n        \r\n<\/section>\r\n<section class=\"section blockTextWithMap\" id=\"blockTextPhoto-block_61c030dd820a4\">\r\n    <div class=\"blockTextWithMap__wrapper\">\r\n        <div class=\"blockTextWithMap__content\">\r\n            <p>Where will you find our<\/p>\n<p class='h5'>partner stores?<\/p>\n<p>We cooporate with many stores in Poland and Europe. However, our sales ranges reach almost all the continents.<\/p>\n            <a class=\"btn btn__primary blockTextWithMap__button\" href=\"https:\/\/jarstol.stronazen.pl\/gdzie-kupic\/\">LOOK AT the map<\/a>\r\n        <\/div>\r\n        <div class=\"blockTextWithMap__map\" id=\"blockTextWithMap__map\" data-lat=\"0\" data-lng=\"0\" data-zoom=\"8\" data-title=\"Test\" data-addmarker=\"1\"><\/div>\r\n    <\/div>\r\n<\/section>    <section class=\"section blockContactBox \" id=\"blockContactBox-block_61bae9faa7269\">\r\n                    <img decoding=\"async\" class=\"blockContactBox__image\" src=\"https:\/\/jarstol.eu\/wp-content\/uploads\/2022\/01\/pexels-shvets-production-7516539.jpg\" alt=\"\">\r\n                            <div class=\"blockContactBox__content blockContactBox__content--green\">\r\n                <p>Do you have a problem?<\/p>\n<p class='h2'>assembly problem?<\/p>\n<p class='h3'>CALL CAROLINA<\/p>\n<p>&nbsp;<\/p>\n<p class='h3'><a>+48 573 208 044<\/a><\/p>\n<p>We attach a clear assembly instruction to each piece of furniture. Before assembling the product, check out if you have all the necessary elements. If not, report the deficiencies to the complaints department. If you have any other assembly problem, please feel free to contact us.<\/p>\n            <\/div>\r\n            <\/section>\r\n","protected":false},"excerpt":{"rendered":"<p>A very practical and <strong>capacious<\/strong> wardrobe for the hall. It has space for <strong>hanging<\/strong> <span style=\"font-family: 'Source Sans Pro', sans-serif; font-size: 16px; background-color: #ffffff;\">jackets as well as<\/span><span style=\"font-family: 'Source Sans Pro', sans-serif; font-size: 16px; background-color: #ffffff;\"> hiding your shoes. Additionally, it has been equipped with a handy <strong>drawer,<\/strong> <\/span><span style=\"font-family: 'Source Sans Pro', sans-serif; font-size: 16px; background-color: #ffffff;\">in which<\/span> <span style=\"font-family: 'Source Sans Pro', sans-serif; font-size: 16px; background-color: #ffffff;\">you can<\/span><span style=\"font-family: 'Source Sans Pro', sans-serif; font-size: 16px; background-color: #ffffff;\"> <strong>hide<\/strong> scarves or gloves or house keys. A practical place for such <\/span><span style=\"font-family: 'Source Sans Pro', sans-serif; font-size: 16px; background-color: #ffffff;\">items that<\/span> <span style=\"font-family: 'Source Sans Pro', sans-serif; font-size: 16px; background-color: #ffffff;\">we need to keep in mind before exiting our apartment. <strong>The hallway wardrobe<\/strong> has<\/span> <span style=\"font-family: 'Source Sans Pro', sans-serif; font-size: 16px; background-color: #ffffff;\"><strong>a mirror<\/strong> in which<\/span><span style=\"font-family: 'Source Sans Pro', sans-serif; font-size: 16px; background-color: #ffffff;\"> we can see ourselves. In addition, the wardrobe has been equipped with <\/span><span style=\"font-family: 'Source Sans Pro', sans-serif; font-size: 16px; background-color: #ffffff;\"><strong>shelves<\/strong> on which<\/span> <span style=\"font-family: 'Source Sans Pro', sans-serif; font-size: 16px; background-color: #ffffff;\">we can put away, for<\/span> <span style=\"font-family: 'Source Sans Pro', sans-serif; font-size: 16px; background-color: #ffffff;\">example<\/span><span style=\"font-family: 'Source Sans Pro', sans-serif; font-size: 16px; background-color: #ffffff;\"> caps or hats. The great advantage of the wardrobe is that it is <strong>universal<\/strong> , it is about the place of mounting the part with a mirror, <\/span><span style=\"font-family: 'Source Sans Pro', sans-serif; font-size: 16px; background-color: #ffffff;\">it can<\/span> <span style=\"font-family: 'Source Sans Pro', sans-serif; font-size: 16px; background-color: #ffffff;\">be<\/span> <span style=\"font-family: 'Source Sans Pro', sans-serif; font-size: 16px; background-color: #ffffff;\">both<\/span> <span style=\"font-family: 'Source Sans Pro', sans-serif; font-size: 16px; background-color: #ffffff;\">on the<\/span> <span style=\"font-family: 'Source Sans Pro', sans-serif; font-size: 16px; background-color: #ffffff;\">right and<\/span> <span style=\"font-family: 'Source Sans Pro', sans-serif; font-size: 16px; background-color: #ffffff;\">on the left side.<\/span><\/p>\n","protected":false},"featured_media":11798,"template":"","meta":{"_acf_changed":false},"product_brand":[],"product_cat":[407,424,420],"product_tag":[],"class_list":{"0":"post-10446","1":"product","2":"type-product","3":"status-publish","4":"has-post-thumbnail","6":"product_cat-hallway","7":"product_cat-hallway-wardrobes","8":"product_cat-modern","10":"first","11":"instock","12":"shipping-taxable","13":"purchasable","14":"product-type-variable"},"acf":[],"yoast_head":"<!-- This site is optimized with the Yoast SEO plugin v27.0 - https:\/\/yoast.com\/product\/yoast-seo-wordpress\/ -->\n<title>LUX HALLWAY WARDROBE -<\/title>\n<meta name=\"description\" content=\"Wysokiej jako\u015bci LUX HALLWAY WARDROBE polskiego producenta Jarstol. Sprawd\u017a teraz gdzie mo\u017cesz kupi\u0107 nasze produkty w atrakcyjnych cenach!\" \/>\n<meta name=\"robots\" content=\"index, follow, max-snippet:-1, max-image-preview:large, max-video-preview:-1\" \/>\n<link rel=\"canonical\" href=\"https:\/\/jarstol.eu\/en\/produkt\/style\/modern\/lux-hallway-wardrobe\/\" \/>\n<meta property=\"og:locale\" content=\"en_US\" \/>\n<meta property=\"og:type\" content=\"article\" \/>\n<meta property=\"og:title\" content=\"LUX HALLWAY WARDROBE -\" \/>\n<meta property=\"og:description\" content=\"Wysokiej jako\u015bci LUX HALLWAY WARDROBE polskiego producenta Jarstol. Sprawd\u017a teraz gdzie mo\u017cesz kupi\u0107 nasze produkty w atrakcyjnych cenach!\" \/>\n<meta property=\"og:url\" content=\"https:\/\/jarstol.eu\/en\/produkt\/style\/modern\/lux-hallway-wardrobe\/\" \/>\n<meta property=\"og:site_name\" content=\"Fabryka Mebli JARSTOL\" \/>\n<meta property=\"article:modified_time\" content=\"2022-03-28T12:13:46+00:00\" \/>\n<meta property=\"og:image\" content=\"https:\/\/jarstol.eu\/wp-content\/uploads\/2022\/01\/LUX_artisan_HiRes.jpg\" \/>\n\t<meta property=\"og:image:width\" content=\"1200\" \/>\n\t<meta property=\"og:image:height\" content=\"800\" \/>\n\t<meta property=\"og:image:type\" content=\"image\/jpeg\" \/>\n<meta name=\"twitter:card\" content=\"summary_large_image\" \/>\n<script type=\"application\/ld+json\" class=\"yoast-schema-graph\">{\"@context\":\"https:\/\/schema.org\",\"@graph\":[{\"@type\":\"WebPage\",\"@id\":\"https:\/\/jarstol.eu\/en\/produkt\/style\/modern\/lux-hallway-wardrobe\/\",\"url\":\"https:\/\/jarstol.eu\/en\/produkt\/style\/modern\/lux-hallway-wardrobe\/\",\"name\":\"LUX HALLWAY WARDROBE -\",\"isPartOf\":{\"@id\":\"https:\/\/jarstol.eu\/en\/#website\"},\"primaryImageOfPage\":{\"@id\":\"https:\/\/jarstol.eu\/en\/produkt\/style\/modern\/lux-hallway-wardrobe\/#primaryimage\"},\"image\":{\"@id\":\"https:\/\/jarstol.eu\/en\/produkt\/style\/modern\/lux-hallway-wardrobe\/#primaryimage\"},\"thumbnailUrl\":\"https:\/\/jarstol.eu\/wp-content\/uploads\/2022\/01\/LUX_artisan_HiRes.jpg\",\"datePublished\":\"2022-01-13T15:30:52+00:00\",\"dateModified\":\"2022-03-28T12:13:46+00:00\",\"description\":\"Wysokiej jako\u015bci LUX HALLWAY WARDROBE polskiego producenta Jarstol. Sprawd\u017a teraz gdzie mo\u017cesz kupi\u0107 nasze produkty w atrakcyjnych cenach!\",\"breadcrumb\":{\"@id\":\"https:\/\/jarstol.eu\/en\/produkt\/style\/modern\/lux-hallway-wardrobe\/#breadcrumb\"},\"inLanguage\":\"en-US\",\"potentialAction\":[{\"@type\":\"ReadAction\",\"target\":[\"https:\/\/jarstol.eu\/en\/produkt\/style\/modern\/lux-hallway-wardrobe\/\"]}]},{\"@type\":\"ImageObject\",\"inLanguage\":\"en-US\",\"@id\":\"https:\/\/jarstol.eu\/en\/produkt\/style\/modern\/lux-hallway-wardrobe\/#primaryimage\",\"url\":\"https:\/\/jarstol.eu\/wp-content\/uploads\/2022\/01\/LUX_artisan_HiRes.jpg\",\"contentUrl\":\"https:\/\/jarstol.eu\/wp-content\/uploads\/2022\/01\/LUX_artisan_HiRes.jpg\",\"width\":1200,\"height\":800},{\"@type\":\"BreadcrumbList\",\"@id\":\"https:\/\/jarstol.eu\/en\/produkt\/style\/modern\/lux-hallway-wardrobe\/#breadcrumb\",\"itemListElement\":[{\"@type\":\"ListItem\",\"position\":1,\"name\":\"Strona g\u0142\u00f3wna\",\"item\":\"https:\/\/jarstol.eu\/en\/\"},{\"@type\":\"ListItem\",\"position\":2,\"name\":\"Shop\",\"item\":\"https:\/\/jarstol.eu\/en\/shop\/\"},{\"@type\":\"ListItem\",\"position\":3,\"name\":\"LUX HALLWAY WARDROBE\"}]},{\"@type\":\"WebSite\",\"@id\":\"https:\/\/jarstol.eu\/en\/#website\",\"url\":\"https:\/\/jarstol.eu\/en\/\",\"name\":\"Fabryka Mebli JARSTOL\",\"description\":\"\",\"potentialAction\":[{\"@type\":\"SearchAction\",\"target\":{\"@type\":\"EntryPoint\",\"urlTemplate\":\"https:\/\/jarstol.eu\/en\/?s={search_term_string}\"},\"query-input\":{\"@type\":\"PropertyValueSpecification\",\"valueRequired\":true,\"valueName\":\"search_term_string\"}}],\"inLanguage\":\"en-US\"}]}<\/script>\n<!-- \/ Yoast SEO plugin. -->","yoast_head_json":{"title":"LUX HALLWAY WARDROBE -","description":"Wysokiej jako\u015bci LUX HALLWAY WARDROBE polskiego producenta Jarstol. Sprawd\u017a teraz gdzie mo\u017cesz kupi\u0107 nasze produkty w atrakcyjnych cenach!","robots":{"index":"index","follow":"follow","max-snippet":"max-snippet:-1","max-image-preview":"max-image-preview:large","max-video-preview":"max-video-preview:-1"},"canonical":"https:\/\/jarstol.eu\/en\/produkt\/style\/modern\/lux-hallway-wardrobe\/","og_locale":"en_US","og_type":"article","og_title":"LUX HALLWAY WARDROBE -","og_description":"Wysokiej jako\u015bci LUX HALLWAY WARDROBE polskiego producenta Jarstol. Sprawd\u017a teraz gdzie mo\u017cesz kupi\u0107 nasze produkty w atrakcyjnych cenach!","og_url":"https:\/\/jarstol.eu\/en\/produkt\/style\/modern\/lux-hallway-wardrobe\/","og_site_name":"Fabryka Mebli JARSTOL","article_modified_time":"2022-03-28T12:13:46+00:00","og_image":[{"width":1200,"height":800,"url":"https:\/\/jarstol.eu\/wp-content\/uploads\/2022\/01\/LUX_artisan_HiRes.jpg","type":"image\/jpeg"}],"twitter_card":"summary_large_image","schema":{"@context":"https:\/\/schema.org","@graph":[{"@type":"WebPage","@id":"https:\/\/jarstol.eu\/en\/produkt\/style\/modern\/lux-hallway-wardrobe\/","url":"https:\/\/jarstol.eu\/en\/produkt\/style\/modern\/lux-hallway-wardrobe\/","name":"LUX HALLWAY WARDROBE -","isPartOf":{"@id":"https:\/\/jarstol.eu\/en\/#website"},"primaryImageOfPage":{"@id":"https:\/\/jarstol.eu\/en\/produkt\/style\/modern\/lux-hallway-wardrobe\/#primaryimage"},"image":{"@id":"https:\/\/jarstol.eu\/en\/produkt\/style\/modern\/lux-hallway-wardrobe\/#primaryimage"},"thumbnailUrl":"https:\/\/jarstol.eu\/wp-content\/uploads\/2022\/01\/LUX_artisan_HiRes.jpg","datePublished":"2022-01-13T15:30:52+00:00","dateModified":"2022-03-28T12:13:46+00:00","description":"Wysokiej jako\u015bci LUX HALLWAY WARDROBE polskiego producenta Jarstol. Sprawd\u017a teraz gdzie mo\u017cesz kupi\u0107 nasze produkty w atrakcyjnych cenach!","breadcrumb":{"@id":"https:\/\/jarstol.eu\/en\/produkt\/style\/modern\/lux-hallway-wardrobe\/#breadcrumb"},"inLanguage":"en-US","potentialAction":[{"@type":"ReadAction","target":["https:\/\/jarstol.eu\/en\/produkt\/style\/modern\/lux-hallway-wardrobe\/"]}]},{"@type":"ImageObject","inLanguage":"en-US","@id":"https:\/\/jarstol.eu\/en\/produkt\/style\/modern\/lux-hallway-wardrobe\/#primaryimage","url":"https:\/\/jarstol.eu\/wp-content\/uploads\/2022\/01\/LUX_artisan_HiRes.jpg","contentUrl":"https:\/\/jarstol.eu\/wp-content\/uploads\/2022\/01\/LUX_artisan_HiRes.jpg","width":1200,"height":800},{"@type":"BreadcrumbList","@id":"https:\/\/jarstol.eu\/en\/produkt\/style\/modern\/lux-hallway-wardrobe\/#breadcrumb","itemListElement":[{"@type":"ListItem","position":1,"name":"Strona g\u0142\u00f3wna","item":"https:\/\/jarstol.eu\/en\/"},{"@type":"ListItem","position":2,"name":"Shop","item":"https:\/\/jarstol.eu\/en\/shop\/"},{"@type":"ListItem","position":3,"name":"LUX HALLWAY WARDROBE"}]},{"@type":"WebSite","@id":"https:\/\/jarstol.eu\/en\/#website","url":"https:\/\/jarstol.eu\/en\/","name":"Fabryka Mebli JARSTOL","description":"","potentialAction":[{"@type":"SearchAction","target":{"@type":"EntryPoint","urlTemplate":"https:\/\/jarstol.eu\/en\/?s={search_term_string}"},"query-input":{"@type":"PropertyValueSpecification","valueRequired":true,"valueName":"search_term_string"}}],"inLanguage":"en-US"}]}},"_links":{"self":[{"href":"https:\/\/jarstol.eu\/en\/wp-json\/wp\/v2\/product\/10446","targetHints":{"allow":["GET"]}}],"collection":[{"href":"https:\/\/jarstol.eu\/en\/wp-json\/wp\/v2\/product"}],"about":[{"href":"https:\/\/jarstol.eu\/en\/wp-json\/wp\/v2\/types\/product"}],"wp:featuredmedia":[{"embeddable":true,"href":"https:\/\/jarstol.eu\/en\/wp-json\/wp\/v2\/media\/11798"}],"wp:attachment":[{"href":"https:\/\/jarstol.eu\/en\/wp-json\/wp\/v2\/media?parent=10446"}],"wp:term":[{"taxonomy":"product_brand","embeddable":true,"href":"https:\/\/jarstol.eu\/en\/wp-json\/wp\/v2\/product_brand?post=10446"},{"taxonomy":"product_cat","embeddable":true,"href":"https:\/\/jarstol.eu\/en\/wp-json\/wp\/v2\/product_cat?post=10446"},{"taxonomy":"product_tag","embeddable":true,"href":"https:\/\/jarstol.eu\/en\/wp-json\/wp\/v2\/product_tag?post=10446"}],"curies":[{"name":"wp","href":"https:\/\/api.w.org\/{rel}","templated":true}]}}