{"id":10337,"date":"2022-01-13T16:57:05","date_gmt":"2022-03-25T11:14:57","guid":{"rendered":"https:\/\/jarstol.eu\/produkt\/uncategorized\/paris-p-9-chest-of-drawers\/"},"modified":"2022-08-11T14:19:11","modified_gmt":"2022-08-11T12:19:11","slug":"paris-p-9-chest-of-drawers","status":"publish","type":"product","link":"https:\/\/jarstol.eu\/en\/produkt\/style\/modern\/paris-p-9-chest-of-drawers\/","title":{"rendered":"PARIS\u200b P-9 CHEST OF DRAWERS"},"content":{"rendered":"<section class=\"section blockFAQ\" id=\"blockFAQ-block_61bae8c1a7265\">\r\n    <div class=\"blockFAQ__row\">\r\n        <p class=\"blockFAQ__desc\">choose<\/p><h2>YOUR OWN STYLE<\/h2><div class=\"blockFAQ__wysiwyg\"><p>A system dedicated to individuals who like modern shapes and a slightly futuristic look.<\/p>\n<\/div>        <div class=\"blockFAQ__content\">\r\n            <div class=\"blockFAQ__caption  active\" item-data=\"0\">Basic information<\/div><div class=\"blockFAQ__caption \" item-data=\"1\">fittings<\/div><div class=\"blockFAQ__caption \" item-data=\"2\">additional options<\/div>        <\/div>\r\n    <\/div>\r\n    <div class=\"blockFAQ__row blockFAQ__row--background\">\r\n                        <div class=\"blockFAQ__contents  active\" item-data=\"0\">\r\n                    <div class=\"blockFAQ__heading\">Basic information:<\/div>    \r\n                    <ul>\n<li>board &#8211; laminated furniture board<\/li>\n<li>edge &#8211; ABS veneer<\/li>\n<li>back of the wardrobe &#8211; HDF board<\/li>\n<li>QTY of packages &#8211; 3<\/li>\n<\/ul>\n                <\/div>                <div class=\"blockFAQ__contents \" item-data=\"1\">\r\n                    <div class=\"blockFAQ__heading\">fittings:<\/div>    \r\n                    <ul>\n<li>hinges &#8211; metal<\/li>\n<\/ul>\n                <\/div>                <div class=\"blockFAQ__contents \" item-data=\"2\">\r\n                    <div class=\"blockFAQ__heading\">additional options:<\/div>    \r\n                    <ul>\n<li>no<\/li>\n<\/ul>\n                <\/div>    <\/div>\r\n        \r\n<\/section>\n\n\n\n\n\n\r\n<section class=\"section blockTextWithMap\" id=\"blockTextPhoto-block_61c030dd820a4\">\r\n    <div class=\"blockTextWithMap__wrapper\">\r\n        <div class=\"blockTextWithMap__content\">\r\n            <p>Where will you find our<\/p>\n<p class='h5'>partner stores?<\/p>\n<p>We cooporate with many stores in Poland and Europe. However, our sales ranges reach almost all the continents.<\/p>\n            <a class=\"btn btn__primary blockTextWithMap__button\" href=\"https:\/\/jarstol.stronazen.pl\/gdzie-kupic\/\">LOOK AT the map<\/a>\r\n        <\/div>\r\n        <div class=\"blockTextWithMap__map\" id=\"blockTextWithMap__map\" data-lat=\"0\" data-lng=\"0\" data-zoom=\"8\" data-title=\"Test\" data-addmarker=\"1\"><\/div>\r\n    <\/div>\r\n<\/section>\n\n    <section class=\"section blockContactBox \" id=\"blockContactBox-block_61bae9faa7269\">\r\n                    <img decoding=\"async\" class=\"blockContactBox__image\" src=\"https:\/\/jarstol.eu\/wp-content\/uploads\/2022\/01\/pexels-shvets-production-7516539.jpg\" alt=\"\">\r\n                            <div class=\"blockContactBox__content blockContactBox__content--green\">\r\n                <p>Do you have a problem?<\/p>\n<p class='h2'>assembly problem?<\/p>\n<p class='h3'>CALL CAROLINA<\/p>\n<p>&nbsp;<\/p>\n<p class='h3'><a>+48 573 208 044<\/a><\/p>\n<p>We attach a clear assembly instruction to each piece of furniture. Before assembling the product, check out if you have all the necessary elements. If not, report the deficiencies to the complaints department. If you have any other assembly problem, please feel free to contact us.<\/p>\n            <\/div>\r\n            <\/section>\r\n","protected":false},"excerpt":{"rendered":"<p>By choosing this chest of drawers, you choose <strong>a modern and futuristic style,<\/strong> while at the same time entering today&#8217;s trends, <strong>beautifully perfecting your living room, bedroom or office.<\/strong> The piece of furniture has <strong>two spacious drawers<\/strong> that will be perfect as a place for documents, clothes or other accessories. Apart from them, there were placed <strong>a cupboard with one shelf inside it.<\/strong> So much space allows you to organize things so that the house becomes neat and tidy. There <strong>is an innovative Push To Open system<\/strong> that has been placed in this chest of drawers <strong>due<\/strong> to it you can open the cabinet and drawers <strong>by touch.<\/strong> Laminated boards guarantee the strength and durability of the furniture. <strong>Available in three colours<\/strong><\/p>\n","protected":false},"featured_media":6397,"template":"","meta":{"_acf_changed":false},"product_brand":[],"product_cat":[402,410,412,449,401,420],"product_tag":[],"class_list":{"0":"post-10337","1":"product","2":"type-product","3":"status-publish","4":"has-post-thumbnail","6":"product_cat-bedroom","7":"product_cat-cabinets","8":"product_cat-dining-room","9":"product_cat-futuristic","10":"product_cat-living-room","11":"product_cat-modern","13":"first","14":"instock","15":"shipping-taxable","16":"purchasable","17":"product-type-simple"},"acf":[],"yoast_head":"<!-- This site is optimized with the Yoast SEO plugin v27.6 - https:\/\/yoast.com\/product\/yoast-seo-wordpress\/ -->\n<title>PARIS\u200b P-9 CHEST OF DRAWERS -<\/title>\n<meta name=\"description\" content=\"Wysokiej jako\u015bci PARIS\u200b P-9 CHEST OF DRAWERS polskiego producenta Jarstol. Sprawd\u017a teraz gdzie mo\u017cesz kupi\u0107 nasze produkty w atrakcyjnych cenach!\" \/>\n<meta name=\"robots\" content=\"index, follow, max-snippet:-1, max-image-preview:large, max-video-preview:-1\" \/>\n<link rel=\"canonical\" href=\"https:\/\/jarstol.eu\/en\/produkt\/style\/modern\/paris-p-9-chest-of-drawers\/\" \/>\n<meta property=\"og:locale\" content=\"en_US\" \/>\n<meta property=\"og:type\" content=\"article\" \/>\n<meta property=\"og:title\" content=\"PARIS\u200b P-9 CHEST OF DRAWERS -\" \/>\n<meta property=\"og:description\" content=\"Wysokiej jako\u015bci PARIS\u200b P-9 CHEST OF DRAWERS polskiego producenta Jarstol. Sprawd\u017a teraz gdzie mo\u017cesz kupi\u0107 nasze produkty w atrakcyjnych cenach!\" \/>\n<meta property=\"og:url\" content=\"https:\/\/jarstol.eu\/en\/produkt\/style\/modern\/paris-p-9-chest-of-drawers\/\" \/>\n<meta property=\"og:site_name\" content=\"Fabryka Mebli JARSTOL\" \/>\n<meta property=\"article:modified_time\" content=\"2022-08-11T12:19:11+00:00\" \/>\n<meta property=\"og:image\" content=\"https:\/\/jarstol.eu\/wp-content\/uploads\/2022\/01\/P-9.png\" \/>\n\t<meta property=\"og:image:width\" content=\"1500\" \/>\n\t<meta property=\"og:image:height\" content=\"1500\" \/>\n\t<meta property=\"og:image:type\" content=\"image\/png\" \/>\n<meta name=\"twitter:card\" content=\"summary_large_image\" \/>\n<script type=\"application\/ld+json\" class=\"yoast-schema-graph\">{\"@context\":\"https:\\\/\\\/schema.org\",\"@graph\":[{\"@type\":\"WebPage\",\"@id\":\"https:\\\/\\\/jarstol.eu\\\/en\\\/produkt\\\/style\\\/modern\\\/paris-p-9-chest-of-drawers\\\/\",\"url\":\"https:\\\/\\\/jarstol.eu\\\/en\\\/produkt\\\/style\\\/modern\\\/paris-p-9-chest-of-drawers\\\/\",\"name\":\"PARIS\u200b P-9 CHEST OF DRAWERS -\",\"isPartOf\":{\"@id\":\"https:\\\/\\\/jarstol.eu\\\/en\\\/#website\"},\"primaryImageOfPage\":{\"@id\":\"https:\\\/\\\/jarstol.eu\\\/en\\\/produkt\\\/style\\\/modern\\\/paris-p-9-chest-of-drawers\\\/#primaryimage\"},\"image\":{\"@id\":\"https:\\\/\\\/jarstol.eu\\\/en\\\/produkt\\\/style\\\/modern\\\/paris-p-9-chest-of-drawers\\\/#primaryimage\"},\"thumbnailUrl\":\"https:\\\/\\\/jarstol.eu\\\/wp-content\\\/uploads\\\/2022\\\/01\\\/P-9.png\",\"datePublished\":\"2022-03-25T11:14:57+00:00\",\"dateModified\":\"2022-08-11T12:19:11+00:00\",\"description\":\"Wysokiej jako\u015bci PARIS\u200b P-9 CHEST OF DRAWERS polskiego producenta Jarstol. Sprawd\u017a teraz gdzie mo\u017cesz kupi\u0107 nasze produkty w atrakcyjnych cenach!\",\"breadcrumb\":{\"@id\":\"https:\\\/\\\/jarstol.eu\\\/en\\\/produkt\\\/style\\\/modern\\\/paris-p-9-chest-of-drawers\\\/#breadcrumb\"},\"inLanguage\":\"en-US\",\"potentialAction\":[{\"@type\":\"ReadAction\",\"target\":[\"https:\\\/\\\/jarstol.eu\\\/en\\\/produkt\\\/style\\\/modern\\\/paris-p-9-chest-of-drawers\\\/\"]}]},{\"@type\":\"ImageObject\",\"inLanguage\":\"en-US\",\"@id\":\"https:\\\/\\\/jarstol.eu\\\/en\\\/produkt\\\/style\\\/modern\\\/paris-p-9-chest-of-drawers\\\/#primaryimage\",\"url\":\"https:\\\/\\\/jarstol.eu\\\/wp-content\\\/uploads\\\/2022\\\/01\\\/P-9.png\",\"contentUrl\":\"https:\\\/\\\/jarstol.eu\\\/wp-content\\\/uploads\\\/2022\\\/01\\\/P-9.png\",\"width\":1500,\"height\":1500},{\"@type\":\"BreadcrumbList\",\"@id\":\"https:\\\/\\\/jarstol.eu\\\/en\\\/produkt\\\/style\\\/modern\\\/paris-p-9-chest-of-drawers\\\/#breadcrumb\",\"itemListElement\":[{\"@type\":\"ListItem\",\"position\":1,\"name\":\"Strona g\u0142\u00f3wna\",\"item\":\"https:\\\/\\\/jarstol.eu\\\/en\\\/\"},{\"@type\":\"ListItem\",\"position\":2,\"name\":\"Shop\",\"item\":\"https:\\\/\\\/jarstol.eu\\\/en\\\/shop\\\/\"},{\"@type\":\"ListItem\",\"position\":3,\"name\":\"PARIS\u200b P-9 CHEST OF DRAWERS\"}]},{\"@type\":\"WebSite\",\"@id\":\"https:\\\/\\\/jarstol.eu\\\/en\\\/#website\",\"url\":\"https:\\\/\\\/jarstol.eu\\\/en\\\/\",\"name\":\"Fabryka Mebli JARSTOL\",\"description\":\"\",\"potentialAction\":[{\"@type\":\"SearchAction\",\"target\":{\"@type\":\"EntryPoint\",\"urlTemplate\":\"https:\\\/\\\/jarstol.eu\\\/en\\\/?s={search_term_string}\"},\"query-input\":{\"@type\":\"PropertyValueSpecification\",\"valueRequired\":true,\"valueName\":\"search_term_string\"}}],\"inLanguage\":\"en-US\"}]}<\/script>\n<!-- \/ Yoast SEO plugin. -->","yoast_head_json":{"title":"PARIS\u200b P-9 CHEST OF DRAWERS -","description":"Wysokiej jako\u015bci PARIS\u200b P-9 CHEST OF DRAWERS polskiego producenta Jarstol. Sprawd\u017a teraz gdzie mo\u017cesz kupi\u0107 nasze produkty w atrakcyjnych cenach!","robots":{"index":"index","follow":"follow","max-snippet":"max-snippet:-1","max-image-preview":"max-image-preview:large","max-video-preview":"max-video-preview:-1"},"canonical":"https:\/\/jarstol.eu\/en\/produkt\/style\/modern\/paris-p-9-chest-of-drawers\/","og_locale":"en_US","og_type":"article","og_title":"PARIS\u200b P-9 CHEST OF DRAWERS -","og_description":"Wysokiej jako\u015bci PARIS\u200b P-9 CHEST OF DRAWERS polskiego producenta Jarstol. Sprawd\u017a teraz gdzie mo\u017cesz kupi\u0107 nasze produkty w atrakcyjnych cenach!","og_url":"https:\/\/jarstol.eu\/en\/produkt\/style\/modern\/paris-p-9-chest-of-drawers\/","og_site_name":"Fabryka Mebli JARSTOL","article_modified_time":"2022-08-11T12:19:11+00:00","og_image":[{"width":1500,"height":1500,"url":"https:\/\/jarstol.eu\/wp-content\/uploads\/2022\/01\/P-9.png","type":"image\/png"}],"twitter_card":"summary_large_image","schema":{"@context":"https:\/\/schema.org","@graph":[{"@type":"WebPage","@id":"https:\/\/jarstol.eu\/en\/produkt\/style\/modern\/paris-p-9-chest-of-drawers\/","url":"https:\/\/jarstol.eu\/en\/produkt\/style\/modern\/paris-p-9-chest-of-drawers\/","name":"PARIS\u200b P-9 CHEST OF DRAWERS -","isPartOf":{"@id":"https:\/\/jarstol.eu\/en\/#website"},"primaryImageOfPage":{"@id":"https:\/\/jarstol.eu\/en\/produkt\/style\/modern\/paris-p-9-chest-of-drawers\/#primaryimage"},"image":{"@id":"https:\/\/jarstol.eu\/en\/produkt\/style\/modern\/paris-p-9-chest-of-drawers\/#primaryimage"},"thumbnailUrl":"https:\/\/jarstol.eu\/wp-content\/uploads\/2022\/01\/P-9.png","datePublished":"2022-03-25T11:14:57+00:00","dateModified":"2022-08-11T12:19:11+00:00","description":"Wysokiej jako\u015bci PARIS\u200b P-9 CHEST OF DRAWERS polskiego producenta Jarstol. Sprawd\u017a teraz gdzie mo\u017cesz kupi\u0107 nasze produkty w atrakcyjnych cenach!","breadcrumb":{"@id":"https:\/\/jarstol.eu\/en\/produkt\/style\/modern\/paris-p-9-chest-of-drawers\/#breadcrumb"},"inLanguage":"en-US","potentialAction":[{"@type":"ReadAction","target":["https:\/\/jarstol.eu\/en\/produkt\/style\/modern\/paris-p-9-chest-of-drawers\/"]}]},{"@type":"ImageObject","inLanguage":"en-US","@id":"https:\/\/jarstol.eu\/en\/produkt\/style\/modern\/paris-p-9-chest-of-drawers\/#primaryimage","url":"https:\/\/jarstol.eu\/wp-content\/uploads\/2022\/01\/P-9.png","contentUrl":"https:\/\/jarstol.eu\/wp-content\/uploads\/2022\/01\/P-9.png","width":1500,"height":1500},{"@type":"BreadcrumbList","@id":"https:\/\/jarstol.eu\/en\/produkt\/style\/modern\/paris-p-9-chest-of-drawers\/#breadcrumb","itemListElement":[{"@type":"ListItem","position":1,"name":"Strona g\u0142\u00f3wna","item":"https:\/\/jarstol.eu\/en\/"},{"@type":"ListItem","position":2,"name":"Shop","item":"https:\/\/jarstol.eu\/en\/shop\/"},{"@type":"ListItem","position":3,"name":"PARIS\u200b P-9 CHEST OF DRAWERS"}]},{"@type":"WebSite","@id":"https:\/\/jarstol.eu\/en\/#website","url":"https:\/\/jarstol.eu\/en\/","name":"Fabryka Mebli JARSTOL","description":"","potentialAction":[{"@type":"SearchAction","target":{"@type":"EntryPoint","urlTemplate":"https:\/\/jarstol.eu\/en\/?s={search_term_string}"},"query-input":{"@type":"PropertyValueSpecification","valueRequired":true,"valueName":"search_term_string"}}],"inLanguage":"en-US"}]}},"_links":{"self":[{"href":"https:\/\/jarstol.eu\/en\/wp-json\/wp\/v2\/product\/10337","targetHints":{"allow":["GET"]}}],"collection":[{"href":"https:\/\/jarstol.eu\/en\/wp-json\/wp\/v2\/product"}],"about":[{"href":"https:\/\/jarstol.eu\/en\/wp-json\/wp\/v2\/types\/product"}],"wp:featuredmedia":[{"embeddable":true,"href":"https:\/\/jarstol.eu\/en\/wp-json\/wp\/v2\/media\/6397"}],"wp:attachment":[{"href":"https:\/\/jarstol.eu\/en\/wp-json\/wp\/v2\/media?parent=10337"}],"wp:term":[{"taxonomy":"product_brand","embeddable":true,"href":"https:\/\/jarstol.eu\/en\/wp-json\/wp\/v2\/product_brand?post=10337"},{"taxonomy":"product_cat","embeddable":true,"href":"https:\/\/jarstol.eu\/en\/wp-json\/wp\/v2\/product_cat?post=10337"},{"taxonomy":"product_tag","embeddable":true,"href":"https:\/\/jarstol.eu\/en\/wp-json\/wp\/v2\/product_tag?post=10337"}],"curies":[{"name":"wp","href":"https:\/\/api.w.org\/{rel}","templated":true}]}}