{"id":10319,"date":"2022-01-13T16:45:20","date_gmt":"2022-01-13T15:45:20","guid":{"rendered":"https:\/\/jarstol.eu\/produkt\/uncategorized\/natural-n-3-wardrobe\/"},"modified":"2022-08-11T13:43:46","modified_gmt":"2022-08-11T11:43:46","slug":"natural-n-3-wardrobe","status":"publish","type":"product","link":"https:\/\/jarstol.eu\/en\/produkt\/style\/modern\/natural-n-3-wardrobe\/","title":{"rendered":"NATURAL\u200b N-3 WARDROBE"},"content":{"rendered":"\n<p><\/p>\n\n\n<section class=\"section blockFAQ\" id=\"blockFAQ-block_61bae8c1a7265\">\r\n    <div class=\"blockFAQ__row\">\r\n        <p class=\"blockFAQ__desc\">choose<\/p><h2>YOUR OWN STYLE<\/h2><div class=\"blockFAQ__wysiwyg\"><p>Something for fans of the fashionable boho style. The entusiasts of solid shapes and natural finishes will be delighted with the Natural collection.<\/p>\n<\/div>        <div class=\"blockFAQ__content\">\r\n            <div class=\"blockFAQ__caption  active\" item-data=\"0\">Basic information<\/div><div class=\"blockFAQ__caption \" item-data=\"1\">fittings<\/div><div class=\"blockFAQ__caption \" item-data=\"2\">additional options<\/div>        <\/div>\r\n    <\/div>\r\n    <div class=\"blockFAQ__row blockFAQ__row--background\">\r\n                        <div class=\"blockFAQ__contents  active\" item-data=\"0\">\r\n                    <div class=\"blockFAQ__heading\">Basic information:<\/div>    \r\n                    <ul>\n<li>board &#8211; laminated furniture board<\/li>\n<li>edge &#8211; ABS veneer<\/li>\n<li>back of the wardrobe &#8211; HDF board<\/li>\n<li>bar &#8211; metal, 89.2 cm, 52.7 cm and 44.2 cm long<\/li>\n<li>QTY of packages &#8211; 5<\/li>\n<\/ul>\n                <\/div>                <div class=\"blockFAQ__contents \" item-data=\"1\">\r\n                    <div class=\"blockFAQ__heading\">fittings:<\/div>    \r\n                    <ul>\n<li>handles &#8211; metal<\/li>\n<li>hinges &#8211; metal with a soft close<\/li>\n<\/ul>\n                <\/div>                <div class=\"blockFAQ__contents \" item-data=\"2\">\r\n                    <div class=\"blockFAQ__heading\">additional options:<\/div>    \r\n                    <div class=\"elementor-element elementor-element-952af66 list-jarstol elementor-widget elementor-widget-text-editor\" data-id=\"952af66\" data-element_type=\"widget\" data-widget_type=\"text-editor.default\">\n<div class=\"elementor-widget-container\">\n<div class=\"elementor-text-editor elementor-clearfix\">\n<ul>\n<li>LED lighting<\/li>\n<li>additional shelves<\/li>\n<\/ul>\n<\/div>\n<\/div>\n<\/div>\n                <\/div>    <\/div>\r\n        \r\n<\/section>\n\n\n\n\n\n\r\n<section class=\"section blockTextWithMap\" id=\"blockTextPhoto-block_61c030dd820a4\">\r\n    <div class=\"blockTextWithMap__wrapper\">\r\n        <div class=\"blockTextWithMap__content\">\r\n            <p>Where will you find our<\/p>\n<p class='h5'>partner stores?<\/p>\n<p>We cooporate with many stores in Poland and Europe. However, our sales ranges reach almost all the continents.<\/p>\n            <a class=\"btn btn__primary blockTextWithMap__button\" href=\"https:\/\/jarstol.stronazen.pl\/gdzie-kupic\/\">LOOK AT the map<\/a>\r\n        <\/div>\r\n        <div class=\"blockTextWithMap__map\" id=\"blockTextWithMap__map\" data-lat=\"0\" data-lng=\"0\" data-zoom=\"8\" data-title=\"Test\" data-addmarker=\"1\"><\/div>\r\n    <\/div>\r\n<\/section>\n\n    <section class=\"section blockContactBox \" id=\"blockContactBox-block_61bae9faa7269\">\r\n                    <img decoding=\"async\" class=\"blockContactBox__image\" src=\"https:\/\/jarstol.eu\/wp-content\/uploads\/2022\/01\/pexels-shvets-production-7516539.jpg\" alt=\"\">\r\n                            <div class=\"blockContactBox__content blockContactBox__content--green\">\r\n                <p>Do you have a problem?<\/p>\n<p class='h2'>assembly problem?<\/p>\n<p class='h3'>CALL CAROLINA<\/p>\n<p>&nbsp;<\/p>\n<p class='h3'><a>+48 573 208 044<\/a><\/p>\n<p>We attach a clear assembly instruction to each piece of furniture. Before assembling the product, check out if you have all the necessary elements. If not, report the deficiencies to the complaints department. If you have any other assembly problem, please feel free to contact us.<\/p>\n            <\/div>\r\n            <\/section>\r\n","protected":false},"excerpt":{"rendered":"<p>A simple large four-door wardrobe that will be used to store many things. <strong>Metal handles and a solid structure<\/strong> make the cabinet durable and stable. <strong>The soft-close hinges<\/strong> are also a great and unique feature that emphasizes the delicacy of the furniture. The wardrobe has <strong>five spacious shelves<\/strong> on which you can put a lot of clothes, accessories or documents. At the bottom there are <strong>two large and useful drawers<\/strong> that can accommodate many items. <strong>There is an option of additional shelves<\/strong>, due to which you will have more space for things that require a flat floor. <strong>In each part of the wardrobe there is a bar<\/strong> that allows you to use the empty space provided by the piece of furniture. <strong>Available in one colour.<\/strong><\/p>\n","protected":false},"featured_media":5361,"template":"","meta":{"_acf_changed":false},"product_brand":[],"product_cat":[402,444,536,401,534,420,445,404],"product_tag":[],"class_list":{"0":"post-10319","1":"product","2":"type-product","3":"status-publish","4":"has-post-thumbnail","6":"product_cat-bedroom","7":"product_cat-boho-en","8":"product_cat-closets-for-bedrooms","9":"product_cat-living-room","10":"product_cat-living-room-cabinets","11":"product_cat-modern","12":"product_cat-natural-en","13":"product_cat-wardrobes","15":"first","16":"instock","17":"shipping-taxable","18":"purchasable","19":"product-type-variable"},"acf":[],"yoast_head":"<!-- This site is optimized with the Yoast SEO plugin v27.0 - https:\/\/yoast.com\/product\/yoast-seo-wordpress\/ -->\n<title>NATURAL\u200b N-3 WARDROBE -<\/title>\n<meta name=\"description\" content=\"Wysokiej jako\u015bci NATURAL\u200b N-3 WARDROBE polskiego producenta Jarstol. Sprawd\u017a teraz gdzie mo\u017cesz kupi\u0107 nasze produkty w atrakcyjnych cenach!\" \/>\n<meta name=\"robots\" content=\"index, follow, max-snippet:-1, max-image-preview:large, max-video-preview:-1\" \/>\n<link rel=\"canonical\" href=\"https:\/\/jarstol.eu\/en\/produkt\/style\/modern\/natural-n-3-wardrobe\/\" \/>\n<meta property=\"og:locale\" content=\"en_US\" \/>\n<meta property=\"og:type\" content=\"article\" \/>\n<meta property=\"og:title\" content=\"NATURAL\u200b N-3 WARDROBE -\" \/>\n<meta property=\"og:description\" content=\"Wysokiej jako\u015bci NATURAL\u200b N-3 WARDROBE polskiego producenta Jarstol. Sprawd\u017a teraz gdzie mo\u017cesz kupi\u0107 nasze produkty w atrakcyjnych cenach!\" \/>\n<meta property=\"og:url\" content=\"https:\/\/jarstol.eu\/en\/produkt\/style\/modern\/natural-n-3-wardrobe\/\" \/>\n<meta property=\"og:site_name\" content=\"Fabryka Mebli JARSTOL\" \/>\n<meta property=\"article:modified_time\" content=\"2022-08-11T11:43:46+00:00\" \/>\n<meta property=\"og:image\" content=\"https:\/\/jarstol.eu\/wp-content\/uploads\/2022\/01\/AnyConv.com__N-3-KRATKA-LED-min.jpg\" \/>\n\t<meta property=\"og:image:width\" content=\"1500\" \/>\n\t<meta property=\"og:image:height\" content=\"1500\" \/>\n\t<meta property=\"og:image:type\" content=\"image\/jpeg\" \/>\n<meta name=\"twitter:card\" content=\"summary_large_image\" \/>\n<script type=\"application\/ld+json\" class=\"yoast-schema-graph\">{\"@context\":\"https:\/\/schema.org\",\"@graph\":[{\"@type\":\"WebPage\",\"@id\":\"https:\/\/jarstol.eu\/en\/produkt\/style\/modern\/natural-n-3-wardrobe\/\",\"url\":\"https:\/\/jarstol.eu\/en\/produkt\/style\/modern\/natural-n-3-wardrobe\/\",\"name\":\"NATURAL\u200b N-3 WARDROBE -\",\"isPartOf\":{\"@id\":\"https:\/\/jarstol.eu\/en\/#website\"},\"primaryImageOfPage\":{\"@id\":\"https:\/\/jarstol.eu\/en\/produkt\/style\/modern\/natural-n-3-wardrobe\/#primaryimage\"},\"image\":{\"@id\":\"https:\/\/jarstol.eu\/en\/produkt\/style\/modern\/natural-n-3-wardrobe\/#primaryimage\"},\"thumbnailUrl\":\"https:\/\/jarstol.eu\/wp-content\/uploads\/2022\/01\/AnyConv.com__N-3-KRATKA-LED-min.jpg\",\"datePublished\":\"2022-01-13T15:45:20+00:00\",\"dateModified\":\"2022-08-11T11:43:46+00:00\",\"description\":\"Wysokiej jako\u015bci NATURAL\u200b N-3 WARDROBE polskiego producenta Jarstol. Sprawd\u017a teraz gdzie mo\u017cesz kupi\u0107 nasze produkty w atrakcyjnych cenach!\",\"breadcrumb\":{\"@id\":\"https:\/\/jarstol.eu\/en\/produkt\/style\/modern\/natural-n-3-wardrobe\/#breadcrumb\"},\"inLanguage\":\"en-US\",\"potentialAction\":[{\"@type\":\"ReadAction\",\"target\":[\"https:\/\/jarstol.eu\/en\/produkt\/style\/modern\/natural-n-3-wardrobe\/\"]}]},{\"@type\":\"ImageObject\",\"inLanguage\":\"en-US\",\"@id\":\"https:\/\/jarstol.eu\/en\/produkt\/style\/modern\/natural-n-3-wardrobe\/#primaryimage\",\"url\":\"https:\/\/jarstol.eu\/wp-content\/uploads\/2022\/01\/AnyConv.com__N-3-KRATKA-LED-min.jpg\",\"contentUrl\":\"https:\/\/jarstol.eu\/wp-content\/uploads\/2022\/01\/AnyConv.com__N-3-KRATKA-LED-min.jpg\",\"width\":1500,\"height\":1500},{\"@type\":\"BreadcrumbList\",\"@id\":\"https:\/\/jarstol.eu\/en\/produkt\/style\/modern\/natural-n-3-wardrobe\/#breadcrumb\",\"itemListElement\":[{\"@type\":\"ListItem\",\"position\":1,\"name\":\"Strona g\u0142\u00f3wna\",\"item\":\"https:\/\/jarstol.eu\/en\/home\/\"},{\"@type\":\"ListItem\",\"position\":2,\"name\":\"Shop\",\"item\":\"https:\/\/jarstol.eu\/en\/shop\/\"},{\"@type\":\"ListItem\",\"position\":3,\"name\":\"NATURAL\u200b N-3 WARDROBE\"}]},{\"@type\":\"WebSite\",\"@id\":\"https:\/\/jarstol.eu\/en\/#website\",\"url\":\"https:\/\/jarstol.eu\/en\/\",\"name\":\"Fabryka Mebli JARSTOL\",\"description\":\"\",\"potentialAction\":[{\"@type\":\"SearchAction\",\"target\":{\"@type\":\"EntryPoint\",\"urlTemplate\":\"https:\/\/jarstol.eu\/en\/?s={search_term_string}\"},\"query-input\":{\"@type\":\"PropertyValueSpecification\",\"valueRequired\":true,\"valueName\":\"search_term_string\"}}],\"inLanguage\":\"en-US\"}]}<\/script>\n<!-- \/ Yoast SEO plugin. -->","yoast_head_json":{"title":"NATURAL\u200b N-3 WARDROBE -","description":"Wysokiej jako\u015bci NATURAL\u200b N-3 WARDROBE polskiego producenta Jarstol. Sprawd\u017a teraz gdzie mo\u017cesz kupi\u0107 nasze produkty w atrakcyjnych cenach!","robots":{"index":"index","follow":"follow","max-snippet":"max-snippet:-1","max-image-preview":"max-image-preview:large","max-video-preview":"max-video-preview:-1"},"canonical":"https:\/\/jarstol.eu\/en\/produkt\/style\/modern\/natural-n-3-wardrobe\/","og_locale":"en_US","og_type":"article","og_title":"NATURAL\u200b N-3 WARDROBE -","og_description":"Wysokiej jako\u015bci NATURAL\u200b N-3 WARDROBE polskiego producenta Jarstol. Sprawd\u017a teraz gdzie mo\u017cesz kupi\u0107 nasze produkty w atrakcyjnych cenach!","og_url":"https:\/\/jarstol.eu\/en\/produkt\/style\/modern\/natural-n-3-wardrobe\/","og_site_name":"Fabryka Mebli JARSTOL","article_modified_time":"2022-08-11T11:43:46+00:00","og_image":[{"width":1500,"height":1500,"url":"https:\/\/jarstol.eu\/wp-content\/uploads\/2022\/01\/AnyConv.com__N-3-KRATKA-LED-min.jpg","type":"image\/jpeg"}],"twitter_card":"summary_large_image","schema":{"@context":"https:\/\/schema.org","@graph":[{"@type":"WebPage","@id":"https:\/\/jarstol.eu\/en\/produkt\/style\/modern\/natural-n-3-wardrobe\/","url":"https:\/\/jarstol.eu\/en\/produkt\/style\/modern\/natural-n-3-wardrobe\/","name":"NATURAL\u200b N-3 WARDROBE -","isPartOf":{"@id":"https:\/\/jarstol.eu\/en\/#website"},"primaryImageOfPage":{"@id":"https:\/\/jarstol.eu\/en\/produkt\/style\/modern\/natural-n-3-wardrobe\/#primaryimage"},"image":{"@id":"https:\/\/jarstol.eu\/en\/produkt\/style\/modern\/natural-n-3-wardrobe\/#primaryimage"},"thumbnailUrl":"https:\/\/jarstol.eu\/wp-content\/uploads\/2022\/01\/AnyConv.com__N-3-KRATKA-LED-min.jpg","datePublished":"2022-01-13T15:45:20+00:00","dateModified":"2022-08-11T11:43:46+00:00","description":"Wysokiej jako\u015bci NATURAL\u200b N-3 WARDROBE polskiego producenta Jarstol. Sprawd\u017a teraz gdzie mo\u017cesz kupi\u0107 nasze produkty w atrakcyjnych cenach!","breadcrumb":{"@id":"https:\/\/jarstol.eu\/en\/produkt\/style\/modern\/natural-n-3-wardrobe\/#breadcrumb"},"inLanguage":"en-US","potentialAction":[{"@type":"ReadAction","target":["https:\/\/jarstol.eu\/en\/produkt\/style\/modern\/natural-n-3-wardrobe\/"]}]},{"@type":"ImageObject","inLanguage":"en-US","@id":"https:\/\/jarstol.eu\/en\/produkt\/style\/modern\/natural-n-3-wardrobe\/#primaryimage","url":"https:\/\/jarstol.eu\/wp-content\/uploads\/2022\/01\/AnyConv.com__N-3-KRATKA-LED-min.jpg","contentUrl":"https:\/\/jarstol.eu\/wp-content\/uploads\/2022\/01\/AnyConv.com__N-3-KRATKA-LED-min.jpg","width":1500,"height":1500},{"@type":"BreadcrumbList","@id":"https:\/\/jarstol.eu\/en\/produkt\/style\/modern\/natural-n-3-wardrobe\/#breadcrumb","itemListElement":[{"@type":"ListItem","position":1,"name":"Strona g\u0142\u00f3wna","item":"https:\/\/jarstol.eu\/en\/home\/"},{"@type":"ListItem","position":2,"name":"Shop","item":"https:\/\/jarstol.eu\/en\/shop\/"},{"@type":"ListItem","position":3,"name":"NATURAL\u200b N-3 WARDROBE"}]},{"@type":"WebSite","@id":"https:\/\/jarstol.eu\/en\/#website","url":"https:\/\/jarstol.eu\/en\/","name":"Fabryka Mebli JARSTOL","description":"","potentialAction":[{"@type":"SearchAction","target":{"@type":"EntryPoint","urlTemplate":"https:\/\/jarstol.eu\/en\/?s={search_term_string}"},"query-input":{"@type":"PropertyValueSpecification","valueRequired":true,"valueName":"search_term_string"}}],"inLanguage":"en-US"}]}},"_links":{"self":[{"href":"https:\/\/jarstol.eu\/en\/wp-json\/wp\/v2\/product\/10319","targetHints":{"allow":["GET"]}}],"collection":[{"href":"https:\/\/jarstol.eu\/en\/wp-json\/wp\/v2\/product"}],"about":[{"href":"https:\/\/jarstol.eu\/en\/wp-json\/wp\/v2\/types\/product"}],"wp:featuredmedia":[{"embeddable":true,"href":"https:\/\/jarstol.eu\/en\/wp-json\/wp\/v2\/media\/5361"}],"wp:attachment":[{"href":"https:\/\/jarstol.eu\/en\/wp-json\/wp\/v2\/media?parent=10319"}],"wp:term":[{"taxonomy":"product_brand","embeddable":true,"href":"https:\/\/jarstol.eu\/en\/wp-json\/wp\/v2\/product_brand?post=10319"},{"taxonomy":"product_cat","embeddable":true,"href":"https:\/\/jarstol.eu\/en\/wp-json\/wp\/v2\/product_cat?post=10319"},{"taxonomy":"product_tag","embeddable":true,"href":"https:\/\/jarstol.eu\/en\/wp-json\/wp\/v2\/product_tag?post=10319"}],"curies":[{"name":"wp","href":"https:\/\/api.w.org\/{rel}","templated":true}]}}