{"id":10310,"date":"2022-01-13T16:34:00","date_gmt":"2022-01-13T15:34:00","guid":{"rendered":"https:\/\/jarstol.eu\/produkt\/uncategorized\/mediolan-shelf-m-11\/"},"modified":"2022-08-11T13:33:51","modified_gmt":"2022-08-11T11:33:51","slug":"mediolan-shelf-m-11","status":"publish","type":"product","link":"https:\/\/jarstol.eu\/en\/produkt\/style\/modern\/mediolan-shelf-m-11\/","title":{"rendered":"MEDIOLAN SHELF M-11"},"content":{"rendered":"<section class=\"section blockFAQ\" id=\"blockFAQ-block_61bae8c1a7265\">\r\n    <div class=\"blockFAQ__row\">\r\n        <p class=\"blockFAQ__desc\">choose<\/p><h2>YOUR OWN STYLE<\/h2><div class=\"blockFAQ__wysiwyg\"><p>The furniture collection designed for fans of the industrial style, broken with warm colours.<\/p>\n<\/div>        <div class=\"blockFAQ__content\">\r\n            <div class=\"blockFAQ__caption  active\" item-data=\"0\">Basic information<\/div><div class=\"blockFAQ__caption \" item-data=\"1\">extra paid options<\/div>        <\/div>\r\n    <\/div>\r\n    <div class=\"blockFAQ__row blockFAQ__row--background\">\r\n                        <div class=\"blockFAQ__contents  active\" item-data=\"0\">\r\n                    <div class=\"blockFAQ__heading\">Basic information:<\/div>    \r\n                    <ul>\n<li>board &#8211; laminated furniture board<\/li>\n<li>edge &#8211; ABS veneer<\/li>\n<li>QTY of packages &#8211; 1<\/li>\n<\/ul>\n                <\/div>                <div class=\"blockFAQ__contents \" item-data=\"1\">\r\n                    <div class=\"blockFAQ__heading\">extra paid options:<\/div>    \r\n                    <ul>\n<li>no<\/li>\n<\/ul>\n                <\/div>    <\/div>\r\n        \r\n<\/section>\n\n\n\n\n\n\r\n<section class=\"section blockTextWithMap\" id=\"blockTextPhoto-block_61c030dd820a4\">\r\n    <div class=\"blockTextWithMap__wrapper\">\r\n        <div class=\"blockTextWithMap__content\">\r\n            <p>Where will you find our<\/p>\n<p class='h5'>partner stores?<\/p>\n<p>We cooporate with many stores in Poland and Europe. However, our sales ranges reach almost all the continents.<\/p>\n            <a class=\"btn btn__primary blockTextWithMap__button\" href=\"https:\/\/jarstol.stronazen.pl\/gdzie-kupic\/\">LOOK AT the map<\/a>\r\n        <\/div>\r\n        <div class=\"blockTextWithMap__map\" id=\"blockTextWithMap__map\" data-lat=\"0\" data-lng=\"0\" data-zoom=\"8\" data-title=\"Test\" data-addmarker=\"1\"><\/div>\r\n    <\/div>\r\n<\/section>\n\n    <section class=\"section blockContactBox \" id=\"blockContactBox-block_61bae9faa7269\">\r\n                    <img decoding=\"async\" class=\"blockContactBox__image\" src=\"https:\/\/jarstol.eu\/wp-content\/uploads\/2022\/01\/pexels-shvets-production-7516539.jpg\" alt=\"\">\r\n                            <div class=\"blockContactBox__content blockContactBox__content--green\">\r\n                <p>Do you have a problem?<\/p>\n<p class='h2'>assembly problem?<\/p>\n<p class='h3'>CALL CAROLINA<\/p>\n<p>&nbsp;<\/p>\n<p class='h3'><a>+48 573 208 044<\/a><\/p>\n<p>We attach a clear assembly instruction to each piece of furniture. Before assembling the product, check out if you have all the necessary elements. If not, report the deficiencies to the complaints department. If you have any other assembly problem, please feel free to contact us.<\/p>\n            <\/div>\r\n            <\/section>\r\n","protected":false},"excerpt":{"rendered":"<p>A simple, <strong>bright<\/strong> <strong>hickory<\/strong> -colored wall shelf. Matching with other furniture from the MEDIOLAN collection. You can use it wherever you need it, e.g. as an accessory <strong>over the TV<\/strong> , then you can put photos, books, candles or a decorative vase on it. The shelf is equipped with handles on the back of the shelf, which will allow it to be hung.<\/p>\n","protected":false},"featured_media":4693,"template":"","meta":{"_acf_changed":false},"product_brand":[],"product_cat":[402,401,421,442,420,431,411],"product_tag":[],"class_list":{"0":"post-10310","1":"product","2":"type-product","3":"status-publish","4":"has-post-thumbnail","6":"product_cat-bedroom","7":"product_cat-living-room","8":"product_cat-loft-en","9":"product_cat-mediolan-en","10":"product_cat-modern","11":"product_cat-office","12":"product_cat-shelves","14":"first","15":"instock","16":"shipping-taxable","17":"purchasable","18":"product-type-variable"},"acf":[],"yoast_head":"<!-- This site is optimized with the Yoast SEO plugin v27.0 - https:\/\/yoast.com\/product\/yoast-seo-wordpress\/ -->\n<title>MEDIOLAN SHELF M-11 -<\/title>\n<meta name=\"description\" content=\"Wysokiej jako\u015bci MEDIOLAN SHELF M-11 polskiego producenta Jarstol. Sprawd\u017a teraz gdzie mo\u017cesz kupi\u0107 nasze produkty w atrakcyjnych cenach!\" \/>\n<meta name=\"robots\" content=\"index, follow, max-snippet:-1, max-image-preview:large, max-video-preview:-1\" \/>\n<link rel=\"canonical\" href=\"https:\/\/jarstol.eu\/en\/produkt\/style\/modern\/mediolan-shelf-m-11\/\" \/>\n<meta property=\"og:locale\" content=\"en_US\" \/>\n<meta property=\"og:type\" content=\"article\" \/>\n<meta property=\"og:title\" content=\"MEDIOLAN SHELF M-11 -\" \/>\n<meta property=\"og:description\" content=\"Wysokiej jako\u015bci MEDIOLAN SHELF M-11 polskiego producenta Jarstol. Sprawd\u017a teraz gdzie mo\u017cesz kupi\u0107 nasze produkty w atrakcyjnych cenach!\" \/>\n<meta property=\"og:url\" content=\"https:\/\/jarstol.eu\/en\/produkt\/style\/modern\/mediolan-shelf-m-11\/\" \/>\n<meta property=\"og:site_name\" content=\"Fabryka Mebli JARSTOL\" \/>\n<meta property=\"article:modified_time\" content=\"2022-08-11T11:33:51+00:00\" \/>\n<meta property=\"og:image\" content=\"https:\/\/jarstol.eu\/wp-content\/uploads\/2022\/01\/M-11.png\" \/>\n\t<meta property=\"og:image:width\" content=\"1300\" \/>\n\t<meta property=\"og:image:height\" content=\"1300\" \/>\n\t<meta property=\"og:image:type\" content=\"image\/png\" \/>\n<meta name=\"twitter:card\" content=\"summary_large_image\" \/>\n<script type=\"application\/ld+json\" class=\"yoast-schema-graph\">{\"@context\":\"https:\/\/schema.org\",\"@graph\":[{\"@type\":\"WebPage\",\"@id\":\"https:\/\/jarstol.eu\/en\/produkt\/style\/modern\/mediolan-shelf-m-11\/\",\"url\":\"https:\/\/jarstol.eu\/en\/produkt\/style\/modern\/mediolan-shelf-m-11\/\",\"name\":\"MEDIOLAN SHELF M-11 -\",\"isPartOf\":{\"@id\":\"https:\/\/jarstol.eu\/en\/#website\"},\"primaryImageOfPage\":{\"@id\":\"https:\/\/jarstol.eu\/en\/produkt\/style\/modern\/mediolan-shelf-m-11\/#primaryimage\"},\"image\":{\"@id\":\"https:\/\/jarstol.eu\/en\/produkt\/style\/modern\/mediolan-shelf-m-11\/#primaryimage\"},\"thumbnailUrl\":\"https:\/\/jarstol.eu\/wp-content\/uploads\/2022\/01\/M-11.png\",\"datePublished\":\"2022-01-13T15:34:00+00:00\",\"dateModified\":\"2022-08-11T11:33:51+00:00\",\"description\":\"Wysokiej jako\u015bci MEDIOLAN SHELF M-11 polskiego producenta Jarstol. Sprawd\u017a teraz gdzie mo\u017cesz kupi\u0107 nasze produkty w atrakcyjnych cenach!\",\"breadcrumb\":{\"@id\":\"https:\/\/jarstol.eu\/en\/produkt\/style\/modern\/mediolan-shelf-m-11\/#breadcrumb\"},\"inLanguage\":\"en-US\",\"potentialAction\":[{\"@type\":\"ReadAction\",\"target\":[\"https:\/\/jarstol.eu\/en\/produkt\/style\/modern\/mediolan-shelf-m-11\/\"]}]},{\"@type\":\"ImageObject\",\"inLanguage\":\"en-US\",\"@id\":\"https:\/\/jarstol.eu\/en\/produkt\/style\/modern\/mediolan-shelf-m-11\/#primaryimage\",\"url\":\"https:\/\/jarstol.eu\/wp-content\/uploads\/2022\/01\/M-11.png\",\"contentUrl\":\"https:\/\/jarstol.eu\/wp-content\/uploads\/2022\/01\/M-11.png\",\"width\":1300,\"height\":1300},{\"@type\":\"BreadcrumbList\",\"@id\":\"https:\/\/jarstol.eu\/en\/produkt\/style\/modern\/mediolan-shelf-m-11\/#breadcrumb\",\"itemListElement\":[{\"@type\":\"ListItem\",\"position\":1,\"name\":\"Strona g\u0142\u00f3wna\",\"item\":\"https:\/\/jarstol.eu\/en\/home\/\"},{\"@type\":\"ListItem\",\"position\":2,\"name\":\"Shop\",\"item\":\"https:\/\/jarstol.eu\/en\/shop\/\"},{\"@type\":\"ListItem\",\"position\":3,\"name\":\"MEDIOLAN SHELF M-11\"}]},{\"@type\":\"WebSite\",\"@id\":\"https:\/\/jarstol.eu\/en\/#website\",\"url\":\"https:\/\/jarstol.eu\/en\/\",\"name\":\"Fabryka Mebli JARSTOL\",\"description\":\"\",\"potentialAction\":[{\"@type\":\"SearchAction\",\"target\":{\"@type\":\"EntryPoint\",\"urlTemplate\":\"https:\/\/jarstol.eu\/en\/?s={search_term_string}\"},\"query-input\":{\"@type\":\"PropertyValueSpecification\",\"valueRequired\":true,\"valueName\":\"search_term_string\"}}],\"inLanguage\":\"en-US\"}]}<\/script>\n<!-- \/ Yoast SEO plugin. -->","yoast_head_json":{"title":"MEDIOLAN SHELF M-11 -","description":"Wysokiej jako\u015bci MEDIOLAN SHELF M-11 polskiego producenta Jarstol. Sprawd\u017a teraz gdzie mo\u017cesz kupi\u0107 nasze produkty w atrakcyjnych cenach!","robots":{"index":"index","follow":"follow","max-snippet":"max-snippet:-1","max-image-preview":"max-image-preview:large","max-video-preview":"max-video-preview:-1"},"canonical":"https:\/\/jarstol.eu\/en\/produkt\/style\/modern\/mediolan-shelf-m-11\/","og_locale":"en_US","og_type":"article","og_title":"MEDIOLAN SHELF M-11 -","og_description":"Wysokiej jako\u015bci MEDIOLAN SHELF M-11 polskiego producenta Jarstol. Sprawd\u017a teraz gdzie mo\u017cesz kupi\u0107 nasze produkty w atrakcyjnych cenach!","og_url":"https:\/\/jarstol.eu\/en\/produkt\/style\/modern\/mediolan-shelf-m-11\/","og_site_name":"Fabryka Mebli JARSTOL","article_modified_time":"2022-08-11T11:33:51+00:00","og_image":[{"width":1300,"height":1300,"url":"https:\/\/jarstol.eu\/wp-content\/uploads\/2022\/01\/M-11.png","type":"image\/png"}],"twitter_card":"summary_large_image","schema":{"@context":"https:\/\/schema.org","@graph":[{"@type":"WebPage","@id":"https:\/\/jarstol.eu\/en\/produkt\/style\/modern\/mediolan-shelf-m-11\/","url":"https:\/\/jarstol.eu\/en\/produkt\/style\/modern\/mediolan-shelf-m-11\/","name":"MEDIOLAN SHELF M-11 -","isPartOf":{"@id":"https:\/\/jarstol.eu\/en\/#website"},"primaryImageOfPage":{"@id":"https:\/\/jarstol.eu\/en\/produkt\/style\/modern\/mediolan-shelf-m-11\/#primaryimage"},"image":{"@id":"https:\/\/jarstol.eu\/en\/produkt\/style\/modern\/mediolan-shelf-m-11\/#primaryimage"},"thumbnailUrl":"https:\/\/jarstol.eu\/wp-content\/uploads\/2022\/01\/M-11.png","datePublished":"2022-01-13T15:34:00+00:00","dateModified":"2022-08-11T11:33:51+00:00","description":"Wysokiej jako\u015bci MEDIOLAN SHELF M-11 polskiego producenta Jarstol. Sprawd\u017a teraz gdzie mo\u017cesz kupi\u0107 nasze produkty w atrakcyjnych cenach!","breadcrumb":{"@id":"https:\/\/jarstol.eu\/en\/produkt\/style\/modern\/mediolan-shelf-m-11\/#breadcrumb"},"inLanguage":"en-US","potentialAction":[{"@type":"ReadAction","target":["https:\/\/jarstol.eu\/en\/produkt\/style\/modern\/mediolan-shelf-m-11\/"]}]},{"@type":"ImageObject","inLanguage":"en-US","@id":"https:\/\/jarstol.eu\/en\/produkt\/style\/modern\/mediolan-shelf-m-11\/#primaryimage","url":"https:\/\/jarstol.eu\/wp-content\/uploads\/2022\/01\/M-11.png","contentUrl":"https:\/\/jarstol.eu\/wp-content\/uploads\/2022\/01\/M-11.png","width":1300,"height":1300},{"@type":"BreadcrumbList","@id":"https:\/\/jarstol.eu\/en\/produkt\/style\/modern\/mediolan-shelf-m-11\/#breadcrumb","itemListElement":[{"@type":"ListItem","position":1,"name":"Strona g\u0142\u00f3wna","item":"https:\/\/jarstol.eu\/en\/home\/"},{"@type":"ListItem","position":2,"name":"Shop","item":"https:\/\/jarstol.eu\/en\/shop\/"},{"@type":"ListItem","position":3,"name":"MEDIOLAN SHELF M-11"}]},{"@type":"WebSite","@id":"https:\/\/jarstol.eu\/en\/#website","url":"https:\/\/jarstol.eu\/en\/","name":"Fabryka Mebli JARSTOL","description":"","potentialAction":[{"@type":"SearchAction","target":{"@type":"EntryPoint","urlTemplate":"https:\/\/jarstol.eu\/en\/?s={search_term_string}"},"query-input":{"@type":"PropertyValueSpecification","valueRequired":true,"valueName":"search_term_string"}}],"inLanguage":"en-US"}]}},"_links":{"self":[{"href":"https:\/\/jarstol.eu\/en\/wp-json\/wp\/v2\/product\/10310","targetHints":{"allow":["GET"]}}],"collection":[{"href":"https:\/\/jarstol.eu\/en\/wp-json\/wp\/v2\/product"}],"about":[{"href":"https:\/\/jarstol.eu\/en\/wp-json\/wp\/v2\/types\/product"}],"wp:featuredmedia":[{"embeddable":true,"href":"https:\/\/jarstol.eu\/en\/wp-json\/wp\/v2\/media\/4693"}],"wp:attachment":[{"href":"https:\/\/jarstol.eu\/en\/wp-json\/wp\/v2\/media?parent=10310"}],"wp:term":[{"taxonomy":"product_brand","embeddable":true,"href":"https:\/\/jarstol.eu\/en\/wp-json\/wp\/v2\/product_brand?post=10310"},{"taxonomy":"product_cat","embeddable":true,"href":"https:\/\/jarstol.eu\/en\/wp-json\/wp\/v2\/product_cat?post=10310"},{"taxonomy":"product_tag","embeddable":true,"href":"https:\/\/jarstol.eu\/en\/wp-json\/wp\/v2\/product_tag?post=10310"}],"curies":[{"name":"wp","href":"https:\/\/api.w.org\/{rel}","templated":true}]}}