{"id":10285,"date":"2022-01-13T16:33:58","date_gmt":"2022-01-13T15:33:58","guid":{"rendered":"https:\/\/jarstol.eu\/produkt\/uncategorized\/livinio-cabinet-l-3\/"},"modified":"2022-08-11T13:01:24","modified_gmt":"2022-08-11T11:01:24","slug":"livinio-cabinet-l-3","status":"publish","type":"product","link":"https:\/\/jarstol.eu\/en\/produkt\/style\/modern\/livinio-cabinet-l-3\/","title":{"rendered":"LIVINIO CABINET L-3"},"content":{"rendered":"<section class=\"section blockFAQ\" id=\"blockFAQ-block_61bae8c1a7265\">\r\n    <div class=\"blockFAQ__row\">\r\n        <p class=\"blockFAQ__desc\">choose<\/p><h2>YOUR OWN STYLE<\/h2><div class=\"blockFAQ__wysiwyg\"><p>The system designed for people who choose modern furniture that gives a feeling of comfort and home warmth.<\/p>\n<\/div>        <div class=\"blockFAQ__content\">\r\n            <div class=\"blockFAQ__caption  active\" item-data=\"0\">Basic information<\/div><div class=\"blockFAQ__caption \" item-data=\"1\">fittings<\/div><div class=\"blockFAQ__caption \" item-data=\"2\">additional options<\/div>        <\/div>\r\n    <\/div>\r\n    <div class=\"blockFAQ__row blockFAQ__row--background\">\r\n                        <div class=\"blockFAQ__contents  active\" item-data=\"0\">\r\n                    <div class=\"blockFAQ__heading\">Basic information:<\/div>    \r\n                    <ul>\n<li>board &#8211; laminated furniture board (body)<\/li>\n<li>white glossy board &#8211; laminated furniture board (fronts)<\/li>\n<li>edge &#8211; ABS veneer<\/li>\n<li>back of the wardrobe &#8211; HDF board<\/li>\n<li>glass &#8211; safe, tempered glass 4mm<\/li>\n<li>lighting &#8211; LED<\/li>\n<li>MDF slat<\/li>\n<li>QTY of packages &#8211; 2<\/li>\n<\/ul>\n                <\/div>                <div class=\"blockFAQ__contents \" item-data=\"1\">\r\n                    <div class=\"blockFAQ__heading\">fittings:<\/div>    \r\n                    <ul>\n<li>hinges &#8211; metal with a soft close<\/li>\n<\/ul>\n                <\/div>                <div class=\"blockFAQ__contents \" item-data=\"2\">\r\n                    <div class=\"blockFAQ__heading\">additional options:<\/div>    \r\n                    <ul>\n<li>no<\/li>\n<\/ul>\n                <\/div>    <\/div>\r\n        \r\n<\/section>\n\n\n\n\n\n\r\n<section class=\"section blockTextWithMap\" id=\"blockTextPhoto-block_61c030dd820a4\">\r\n    <div class=\"blockTextWithMap__wrapper\">\r\n        <div class=\"blockTextWithMap__content\">\r\n            <p>Where will you find our<\/p>\n<p class='h5'>partner stores?<\/p>\n<p>We cooporate with many stores in Poland and Europe. However, our sales ranges reach almost all the continents.<\/p>\n            <a class=\"btn btn__primary blockTextWithMap__button\" href=\"https:\/\/jarstol.stronazen.pl\/gdzie-kupic\/\">LOOK AT the map<\/a>\r\n        <\/div>\r\n        <div class=\"blockTextWithMap__map\" id=\"blockTextWithMap__map\" data-lat=\"0\" data-lng=\"0\" data-zoom=\"8\" data-title=\"Test\" data-addmarker=\"1\"><\/div>\r\n    <\/div>\r\n<\/section>\n\n    <section class=\"section blockContactBox \" id=\"blockContactBox-block_61bae9faa7269\">\r\n                    <img decoding=\"async\" class=\"blockContactBox__image\" src=\"https:\/\/jarstol.eu\/wp-content\/uploads\/2022\/01\/pexels-shvets-production-7516539.jpg\" alt=\"\">\r\n                            <div class=\"blockContactBox__content blockContactBox__content--green\">\r\n                <p>Do you have a problem?<\/p>\n<p class='h2'>assembly problem?<\/p>\n<p class='h3'>CALL CAROLINA<\/p>\n<p>&nbsp;<\/p>\n<p class='h3'><a>+48 573 208 044<\/a><\/p>\n<p>We attach a clear assembly instruction to each piece of furniture. Before assembling the product, check out if you have all the necessary elements. If not, report the deficiencies to the complaints department. If you have any other assembly problem, please feel free to contact us.<\/p>\n            <\/div>\r\n            <\/section>\r\n","protected":false},"excerpt":{"rendered":"<p>An elegant, timeless chest of <strong>drawers<\/strong> in a warm, natural combination of <strong>white<\/strong> fronts and a <strong>ribbeck body<\/strong>. On the right side there is a door with <strong>glazing<\/strong> . The piece of furniture can be used to display dishes or porcelain in the <strong>dining room<\/strong> . It can be used as a sideboard, but also as a functional storage cabinet The left side is a wardrobe with one shelf. The <strong>LED lighting<\/strong> used will make <strong>the<\/strong>visual effect that will delight your guests. Illuminated white glossy fronts will add <strong><em>sparkle and expressiveness to any room.<\/em><\/strong><\/p>\n","protected":false},"featured_media":4623,"template":"","meta":{"_acf_changed":false},"product_brand":[],"product_cat":[402,412,401,440,420,414,543],"product_tag":[],"class_list":{"0":"post-10285","1":"product","2":"type-product","3":"status-publish","4":"has-post-thumbnail","6":"product_cat-bedroom","7":"product_cat-dining-room","8":"product_cat-living-room","9":"product_cat-livinio-en","10":"product_cat-modern","11":"product_cat-showcases","12":"product_cat-showcases-for-the-living-room","14":"first","15":"instock","16":"shipping-taxable","17":"purchasable","18":"product-type-variable"},"acf":[],"yoast_head":"<!-- This site is optimized with the Yoast SEO plugin v27.6 - https:\/\/yoast.com\/product\/yoast-seo-wordpress\/ -->\n<title>LIVINIO CABINET L-3 -<\/title>\n<meta name=\"description\" content=\"Wysokiej jako\u015bci LIVINIO CABINET L-3 polskiego producenta Jarstol. Sprawd\u017a teraz gdzie mo\u017cesz kupi\u0107 nasze produkty w atrakcyjnych cenach!\" \/>\n<meta name=\"robots\" content=\"index, follow, max-snippet:-1, max-image-preview:large, max-video-preview:-1\" \/>\n<link rel=\"canonical\" href=\"https:\/\/jarstol.eu\/en\/produkt\/style\/modern\/livinio-cabinet-l-3\/\" \/>\n<meta property=\"og:locale\" content=\"en_US\" \/>\n<meta property=\"og:type\" content=\"article\" \/>\n<meta property=\"og:title\" content=\"LIVINIO CABINET L-3 -\" \/>\n<meta property=\"og:description\" content=\"Wysokiej jako\u015bci LIVINIO CABINET L-3 polskiego producenta Jarstol. Sprawd\u017a teraz gdzie mo\u017cesz kupi\u0107 nasze produkty w atrakcyjnych cenach!\" \/>\n<meta property=\"og:url\" content=\"https:\/\/jarstol.eu\/en\/produkt\/style\/modern\/livinio-cabinet-l-3\/\" \/>\n<meta property=\"og:site_name\" content=\"Fabryka Mebli JARSTOL\" \/>\n<meta property=\"article:modified_time\" content=\"2022-08-11T11:01:24+00:00\" \/>\n<meta property=\"og:image\" content=\"https:\/\/jarstol.eu\/wp-content\/uploads\/2022\/01\/AnyConv.com__komoda-3D-przeszklona-LED-min.jpg\" \/>\n\t<meta property=\"og:image:width\" content=\"1500\" \/>\n\t<meta property=\"og:image:height\" content=\"1500\" \/>\n\t<meta property=\"og:image:type\" content=\"image\/jpeg\" \/>\n<meta name=\"twitter:card\" content=\"summary_large_image\" \/>\n<script type=\"application\/ld+json\" class=\"yoast-schema-graph\">{\"@context\":\"https:\\\/\\\/schema.org\",\"@graph\":[{\"@type\":\"WebPage\",\"@id\":\"https:\\\/\\\/jarstol.eu\\\/en\\\/produkt\\\/style\\\/modern\\\/livinio-cabinet-l-3\\\/\",\"url\":\"https:\\\/\\\/jarstol.eu\\\/en\\\/produkt\\\/style\\\/modern\\\/livinio-cabinet-l-3\\\/\",\"name\":\"LIVINIO CABINET L-3 -\",\"isPartOf\":{\"@id\":\"https:\\\/\\\/jarstol.eu\\\/en\\\/#website\"},\"primaryImageOfPage\":{\"@id\":\"https:\\\/\\\/jarstol.eu\\\/en\\\/produkt\\\/style\\\/modern\\\/livinio-cabinet-l-3\\\/#primaryimage\"},\"image\":{\"@id\":\"https:\\\/\\\/jarstol.eu\\\/en\\\/produkt\\\/style\\\/modern\\\/livinio-cabinet-l-3\\\/#primaryimage\"},\"thumbnailUrl\":\"https:\\\/\\\/jarstol.eu\\\/wp-content\\\/uploads\\\/2022\\\/01\\\/AnyConv.com__komoda-3D-przeszklona-LED-min.jpg\",\"datePublished\":\"2022-01-13T15:33:58+00:00\",\"dateModified\":\"2022-08-11T11:01:24+00:00\",\"description\":\"Wysokiej jako\u015bci LIVINIO CABINET L-3 polskiego producenta Jarstol. Sprawd\u017a teraz gdzie mo\u017cesz kupi\u0107 nasze produkty w atrakcyjnych cenach!\",\"breadcrumb\":{\"@id\":\"https:\\\/\\\/jarstol.eu\\\/en\\\/produkt\\\/style\\\/modern\\\/livinio-cabinet-l-3\\\/#breadcrumb\"},\"inLanguage\":\"en-US\",\"potentialAction\":[{\"@type\":\"ReadAction\",\"target\":[\"https:\\\/\\\/jarstol.eu\\\/en\\\/produkt\\\/style\\\/modern\\\/livinio-cabinet-l-3\\\/\"]}]},{\"@type\":\"ImageObject\",\"inLanguage\":\"en-US\",\"@id\":\"https:\\\/\\\/jarstol.eu\\\/en\\\/produkt\\\/style\\\/modern\\\/livinio-cabinet-l-3\\\/#primaryimage\",\"url\":\"https:\\\/\\\/jarstol.eu\\\/wp-content\\\/uploads\\\/2022\\\/01\\\/AnyConv.com__komoda-3D-przeszklona-LED-min.jpg\",\"contentUrl\":\"https:\\\/\\\/jarstol.eu\\\/wp-content\\\/uploads\\\/2022\\\/01\\\/AnyConv.com__komoda-3D-przeszklona-LED-min.jpg\",\"width\":1500,\"height\":1500},{\"@type\":\"BreadcrumbList\",\"@id\":\"https:\\\/\\\/jarstol.eu\\\/en\\\/produkt\\\/style\\\/modern\\\/livinio-cabinet-l-3\\\/#breadcrumb\",\"itemListElement\":[{\"@type\":\"ListItem\",\"position\":1,\"name\":\"Strona g\u0142\u00f3wna\",\"item\":\"https:\\\/\\\/jarstol.eu\\\/en\\\/\"},{\"@type\":\"ListItem\",\"position\":2,\"name\":\"Shop\",\"item\":\"https:\\\/\\\/jarstol.eu\\\/en\\\/shop\\\/\"},{\"@type\":\"ListItem\",\"position\":3,\"name\":\"LIVINIO CABINET L-3\"}]},{\"@type\":\"WebSite\",\"@id\":\"https:\\\/\\\/jarstol.eu\\\/en\\\/#website\",\"url\":\"https:\\\/\\\/jarstol.eu\\\/en\\\/\",\"name\":\"Fabryka Mebli JARSTOL\",\"description\":\"\",\"potentialAction\":[{\"@type\":\"SearchAction\",\"target\":{\"@type\":\"EntryPoint\",\"urlTemplate\":\"https:\\\/\\\/jarstol.eu\\\/en\\\/?s={search_term_string}\"},\"query-input\":{\"@type\":\"PropertyValueSpecification\",\"valueRequired\":true,\"valueName\":\"search_term_string\"}}],\"inLanguage\":\"en-US\"}]}<\/script>\n<!-- \/ Yoast SEO plugin. -->","yoast_head_json":{"title":"LIVINIO CABINET L-3 -","description":"Wysokiej jako\u015bci LIVINIO CABINET L-3 polskiego producenta Jarstol. Sprawd\u017a teraz gdzie mo\u017cesz kupi\u0107 nasze produkty w atrakcyjnych cenach!","robots":{"index":"index","follow":"follow","max-snippet":"max-snippet:-1","max-image-preview":"max-image-preview:large","max-video-preview":"max-video-preview:-1"},"canonical":"https:\/\/jarstol.eu\/en\/produkt\/style\/modern\/livinio-cabinet-l-3\/","og_locale":"en_US","og_type":"article","og_title":"LIVINIO CABINET L-3 -","og_description":"Wysokiej jako\u015bci LIVINIO CABINET L-3 polskiego producenta Jarstol. Sprawd\u017a teraz gdzie mo\u017cesz kupi\u0107 nasze produkty w atrakcyjnych cenach!","og_url":"https:\/\/jarstol.eu\/en\/produkt\/style\/modern\/livinio-cabinet-l-3\/","og_site_name":"Fabryka Mebli JARSTOL","article_modified_time":"2022-08-11T11:01:24+00:00","og_image":[{"width":1500,"height":1500,"url":"https:\/\/jarstol.eu\/wp-content\/uploads\/2022\/01\/AnyConv.com__komoda-3D-przeszklona-LED-min.jpg","type":"image\/jpeg"}],"twitter_card":"summary_large_image","schema":{"@context":"https:\/\/schema.org","@graph":[{"@type":"WebPage","@id":"https:\/\/jarstol.eu\/en\/produkt\/style\/modern\/livinio-cabinet-l-3\/","url":"https:\/\/jarstol.eu\/en\/produkt\/style\/modern\/livinio-cabinet-l-3\/","name":"LIVINIO CABINET L-3 -","isPartOf":{"@id":"https:\/\/jarstol.eu\/en\/#website"},"primaryImageOfPage":{"@id":"https:\/\/jarstol.eu\/en\/produkt\/style\/modern\/livinio-cabinet-l-3\/#primaryimage"},"image":{"@id":"https:\/\/jarstol.eu\/en\/produkt\/style\/modern\/livinio-cabinet-l-3\/#primaryimage"},"thumbnailUrl":"https:\/\/jarstol.eu\/wp-content\/uploads\/2022\/01\/AnyConv.com__komoda-3D-przeszklona-LED-min.jpg","datePublished":"2022-01-13T15:33:58+00:00","dateModified":"2022-08-11T11:01:24+00:00","description":"Wysokiej jako\u015bci LIVINIO CABINET L-3 polskiego producenta Jarstol. Sprawd\u017a teraz gdzie mo\u017cesz kupi\u0107 nasze produkty w atrakcyjnych cenach!","breadcrumb":{"@id":"https:\/\/jarstol.eu\/en\/produkt\/style\/modern\/livinio-cabinet-l-3\/#breadcrumb"},"inLanguage":"en-US","potentialAction":[{"@type":"ReadAction","target":["https:\/\/jarstol.eu\/en\/produkt\/style\/modern\/livinio-cabinet-l-3\/"]}]},{"@type":"ImageObject","inLanguage":"en-US","@id":"https:\/\/jarstol.eu\/en\/produkt\/style\/modern\/livinio-cabinet-l-3\/#primaryimage","url":"https:\/\/jarstol.eu\/wp-content\/uploads\/2022\/01\/AnyConv.com__komoda-3D-przeszklona-LED-min.jpg","contentUrl":"https:\/\/jarstol.eu\/wp-content\/uploads\/2022\/01\/AnyConv.com__komoda-3D-przeszklona-LED-min.jpg","width":1500,"height":1500},{"@type":"BreadcrumbList","@id":"https:\/\/jarstol.eu\/en\/produkt\/style\/modern\/livinio-cabinet-l-3\/#breadcrumb","itemListElement":[{"@type":"ListItem","position":1,"name":"Strona g\u0142\u00f3wna","item":"https:\/\/jarstol.eu\/en\/"},{"@type":"ListItem","position":2,"name":"Shop","item":"https:\/\/jarstol.eu\/en\/shop\/"},{"@type":"ListItem","position":3,"name":"LIVINIO CABINET L-3"}]},{"@type":"WebSite","@id":"https:\/\/jarstol.eu\/en\/#website","url":"https:\/\/jarstol.eu\/en\/","name":"Fabryka Mebli JARSTOL","description":"","potentialAction":[{"@type":"SearchAction","target":{"@type":"EntryPoint","urlTemplate":"https:\/\/jarstol.eu\/en\/?s={search_term_string}"},"query-input":{"@type":"PropertyValueSpecification","valueRequired":true,"valueName":"search_term_string"}}],"inLanguage":"en-US"}]}},"_links":{"self":[{"href":"https:\/\/jarstol.eu\/en\/wp-json\/wp\/v2\/product\/10285","targetHints":{"allow":["GET"]}}],"collection":[{"href":"https:\/\/jarstol.eu\/en\/wp-json\/wp\/v2\/product"}],"about":[{"href":"https:\/\/jarstol.eu\/en\/wp-json\/wp\/v2\/types\/product"}],"wp:featuredmedia":[{"embeddable":true,"href":"https:\/\/jarstol.eu\/en\/wp-json\/wp\/v2\/media\/4623"}],"wp:attachment":[{"href":"https:\/\/jarstol.eu\/en\/wp-json\/wp\/v2\/media?parent=10285"}],"wp:term":[{"taxonomy":"product_brand","embeddable":true,"href":"https:\/\/jarstol.eu\/en\/wp-json\/wp\/v2\/product_brand?post=10285"},{"taxonomy":"product_cat","embeddable":true,"href":"https:\/\/jarstol.eu\/en\/wp-json\/wp\/v2\/product_cat?post=10285"},{"taxonomy":"product_tag","embeddable":true,"href":"https:\/\/jarstol.eu\/en\/wp-json\/wp\/v2\/product_tag?post=10285"}],"curies":[{"name":"wp","href":"https:\/\/api.w.org\/{rel}","templated":true}]}}