{"id":10226,"date":"2022-01-13T16:45:10","date_gmt":"2022-01-13T15:45:10","guid":{"rendered":"https:\/\/jarstol.eu\/produkt\/uncategorized\/dallas-display-cabinet-d-17\/"},"modified":"2022-08-10T13:25:41","modified_gmt":"2022-08-10T11:25:41","slug":"dallas-display-cabinet-d-17","status":"publish","type":"product","link":"https:\/\/jarstol.eu\/en\/produkt\/style\/safari-style\/dallas-display-cabinet-d-17\/","title":{"rendered":"DALLAS DISPLAY CABINET D-17"},"content":{"rendered":"\n<p><\/p>\n\n\n<section class=\"section blockFAQ\" id=\"blockFAQ-block_61bae8c1a7265\">\r\n    <div class=\"blockFAQ__row\">\r\n        <p class=\"blockFAQ__desc\">choose<\/p><h2>YOUR OWN STYLE<\/h2><div class=\"blockFAQ__wysiwyg\"><p>For lovers of the safari style, who like a little bit exotic atmosphere and furniture with character.<\/p>\n<\/div>        <div class=\"blockFAQ__content\">\r\n            <div class=\"blockFAQ__caption  active\" item-data=\"0\">Basic information<\/div><div class=\"blockFAQ__caption \" item-data=\"1\">fittings<\/div><div class=\"blockFAQ__caption \" item-data=\"2\">additional options<\/div>        <\/div>\r\n    <\/div>\r\n    <div class=\"blockFAQ__row blockFAQ__row--background\">\r\n                        <div class=\"blockFAQ__contents  active\" item-data=\"0\">\r\n                    <div class=\"blockFAQ__heading\">Basic information:<\/div>    \r\n                    <ul>\n<li>board &#8211; laminated furniture board<\/li>\n<li>edge &#8211; ABS veneer<\/li>\n<li>back of the wardrobe &#8211; HDF board<\/li>\n<li>tempered glass<\/li>\n<li>QTY of packages &#8211; 5<\/li>\n<\/ul>\n                <\/div>                <div class=\"blockFAQ__contents \" item-data=\"1\">\r\n                    <div class=\"blockFAQ__heading\">fittings:<\/div>    \r\n                    <ul>\n<li>handles &#8211; plastic<\/li>\n<li>hinges &#8211; metal<\/li>\n<\/ul>\n                <\/div>                <div class=\"blockFAQ__contents \" item-data=\"2\">\r\n                    <div class=\"blockFAQ__heading\">additional options:<\/div>    \r\n                    <div class=\"elementor-element elementor-element-952af66 list-jarstol elementor-widget elementor-widget-text-editor\" data-id=\"952af66\" data-element_type=\"widget\" data-widget_type=\"text-editor.default\">\n<div class=\"elementor-widget-container\">\n<div class=\"elementor-text-editor elementor-clearfix\">\n<ul>\n<li>full fronts<\/li>\n<li>shelf LED<\/li>\n<\/ul>\n<\/div>\n<\/div>\n<\/div>\n                <\/div>    <\/div>\r\n        \r\n<\/section>\n\n\n\n\n\n\r\n<section class=\"section blockTextWithMap\" id=\"blockTextPhoto-block_61c030dd820a4\">\r\n    <div class=\"blockTextWithMap__wrapper\">\r\n        <div class=\"blockTextWithMap__content\">\r\n            <p>Where will you find our<\/p>\n<p class='h5'>partner stores?<\/p>\n<p>We cooporate with many stores in Poland and Europe. However, our sales ranges reach almost all the continents.<\/p>\n            <a class=\"btn btn__primary blockTextWithMap__button\" href=\"https:\/\/jarstol.stronazen.pl\/gdzie-kupic\/\">LOOK AT the map<\/a>\r\n        <\/div>\r\n        <div class=\"blockTextWithMap__map\" id=\"blockTextWithMap__map\" data-lat=\"0\" data-lng=\"0\" data-zoom=\"8\" data-title=\"Test\" data-addmarker=\"1\"><\/div>\r\n    <\/div>\r\n<\/section>\n\n    <section class=\"section blockContactBox \" id=\"blockContactBox-block_61bae9faa7269\">\r\n                    <img decoding=\"async\" class=\"blockContactBox__image\" src=\"https:\/\/jarstol.eu\/wp-content\/uploads\/2022\/01\/pexels-shvets-production-7516539.jpg\" alt=\"\">\r\n                            <div class=\"blockContactBox__content blockContactBox__content--green\">\r\n                <p>Do you have a problem?<\/p>\n<p class='h2'>assembly problem?<\/p>\n<p class='h3'>CALL CAROLINA<\/p>\n<p>&nbsp;<\/p>\n<p class='h3'><a>+48 573 208 044<\/a><\/p>\n<p>We attach a clear assembly instruction to each piece of furniture. Before assembling the product, check out if you have all the necessary elements. If not, report the deficiencies to the complaints department. If you have any other assembly problem, please feel free to contact us.<\/p>\n            <\/div>\r\n            <\/section>\r\n","protected":false},"excerpt":{"rendered":"<p>The display cabinet, thanks to a <strong>simple design<\/strong> and a wide selection of colours, will easily fit into any room, adding class and character to it. <strong>48mm<\/strong> <strong>laminated boards<\/strong> are a great choice to keep your item safe. Inside you will find <strong>three beautiful glass shelves<\/strong> , on which we can perfectly display our items. <strong>Two drawers<\/strong> are equally functional. The site has beautiful and <strong>original frames in the form of black strips and metal handles<\/strong> that look amazing and attract attention. <strong>Available in two colours.<\/strong><\/p>\n","protected":false},"featured_media":23185,"template":"","meta":{"_acf_changed":false},"product_brand":[],"product_cat":[402,429,412,401,430,414,543],"product_tag":[],"class_list":{"0":"post-10226","1":"product","2":"type-product","3":"status-publish","4":"has-post-thumbnail","6":"product_cat-bedroom","7":"product_cat-dallas-en","8":"product_cat-dining-room","9":"product_cat-living-room","10":"product_cat-safari-style","11":"product_cat-showcases","12":"product_cat-showcases-for-the-living-room","14":"first","15":"instock","16":"shipping-taxable","17":"purchasable","18":"product-type-variable"},"acf":[],"yoast_head":"<!-- This site is optimized with the Yoast SEO plugin v27.0 - https:\/\/yoast.com\/product\/yoast-seo-wordpress\/ -->\n<title>DALLAS DISPLAY CABINET D-17 -<\/title>\n<meta name=\"description\" content=\"Wysokiej jako\u015bci DALLAS DISPLAY CABINET D-17 polskiego producenta Jarstol. Sprawd\u017a teraz gdzie mo\u017cesz kupi\u0107 nasze produkty w atrakcyjnych cenach!\" \/>\n<meta name=\"robots\" content=\"index, follow, max-snippet:-1, max-image-preview:large, max-video-preview:-1\" \/>\n<link rel=\"canonical\" href=\"https:\/\/jarstol.eu\/en\/produkt\/style\/safari-style\/dallas-display-cabinet-d-17\/\" \/>\n<meta property=\"og:locale\" content=\"en_US\" \/>\n<meta property=\"og:type\" content=\"article\" \/>\n<meta property=\"og:title\" content=\"DALLAS DISPLAY CABINET D-17 -\" \/>\n<meta property=\"og:description\" content=\"Wysokiej jako\u015bci DALLAS DISPLAY CABINET D-17 polskiego producenta Jarstol. Sprawd\u017a teraz gdzie mo\u017cesz kupi\u0107 nasze produkty w atrakcyjnych cenach!\" \/>\n<meta property=\"og:url\" content=\"https:\/\/jarstol.eu\/en\/produkt\/style\/safari-style\/dallas-display-cabinet-d-17\/\" \/>\n<meta property=\"og:site_name\" content=\"Fabryka Mebli JARSTOL\" \/>\n<meta property=\"article:modified_time\" content=\"2022-08-10T11:25:41+00:00\" \/>\n<meta property=\"og:image\" content=\"https:\/\/jarstol.eu\/wp-content\/uploads\/2022\/01\/D-17L.jpg\" \/>\n\t<meta property=\"og:image:width\" content=\"1500\" \/>\n\t<meta property=\"og:image:height\" content=\"1500\" \/>\n\t<meta property=\"og:image:type\" content=\"image\/jpeg\" \/>\n<meta name=\"twitter:card\" content=\"summary_large_image\" \/>\n<script type=\"application\/ld+json\" class=\"yoast-schema-graph\">{\"@context\":\"https:\/\/schema.org\",\"@graph\":[{\"@type\":\"WebPage\",\"@id\":\"https:\/\/jarstol.eu\/en\/produkt\/style\/safari-style\/dallas-display-cabinet-d-17\/\",\"url\":\"https:\/\/jarstol.eu\/en\/produkt\/style\/safari-style\/dallas-display-cabinet-d-17\/\",\"name\":\"DALLAS DISPLAY CABINET D-17 -\",\"isPartOf\":{\"@id\":\"https:\/\/jarstol.eu\/en\/#website\"},\"primaryImageOfPage\":{\"@id\":\"https:\/\/jarstol.eu\/en\/produkt\/style\/safari-style\/dallas-display-cabinet-d-17\/#primaryimage\"},\"image\":{\"@id\":\"https:\/\/jarstol.eu\/en\/produkt\/style\/safari-style\/dallas-display-cabinet-d-17\/#primaryimage\"},\"thumbnailUrl\":\"https:\/\/jarstol.eu\/wp-content\/uploads\/2022\/01\/D17-witryna-2D-2S-1.jpg\",\"datePublished\":\"2022-01-13T15:45:10+00:00\",\"dateModified\":\"2022-08-10T11:25:41+00:00\",\"description\":\"Wysokiej jako\u015bci DALLAS DISPLAY CABINET D-17 polskiego producenta Jarstol. Sprawd\u017a teraz gdzie mo\u017cesz kupi\u0107 nasze produkty w atrakcyjnych cenach!\",\"breadcrumb\":{\"@id\":\"https:\/\/jarstol.eu\/en\/produkt\/style\/safari-style\/dallas-display-cabinet-d-17\/#breadcrumb\"},\"inLanguage\":\"en-US\",\"potentialAction\":[{\"@type\":\"ReadAction\",\"target\":[\"https:\/\/jarstol.eu\/en\/produkt\/style\/safari-style\/dallas-display-cabinet-d-17\/\"]}]},{\"@type\":\"ImageObject\",\"inLanguage\":\"en-US\",\"@id\":\"https:\/\/jarstol.eu\/en\/produkt\/style\/safari-style\/dallas-display-cabinet-d-17\/#primaryimage\",\"url\":\"https:\/\/jarstol.eu\/wp-content\/uploads\/2022\/01\/D17-witryna-2D-2S-1.jpg\",\"contentUrl\":\"https:\/\/jarstol.eu\/wp-content\/uploads\/2022\/01\/D17-witryna-2D-2S-1.jpg\",\"width\":1500,\"height\":1500},{\"@type\":\"BreadcrumbList\",\"@id\":\"https:\/\/jarstol.eu\/en\/produkt\/style\/safari-style\/dallas-display-cabinet-d-17\/#breadcrumb\",\"itemListElement\":[{\"@type\":\"ListItem\",\"position\":1,\"name\":\"Strona g\u0142\u00f3wna\",\"item\":\"https:\/\/jarstol.eu\/en\/\"},{\"@type\":\"ListItem\",\"position\":2,\"name\":\"Shop\",\"item\":\"https:\/\/jarstol.eu\/en\/shop\/\"},{\"@type\":\"ListItem\",\"position\":3,\"name\":\"DALLAS DISPLAY CABINET D-17\"}]},{\"@type\":\"WebSite\",\"@id\":\"https:\/\/jarstol.eu\/en\/#website\",\"url\":\"https:\/\/jarstol.eu\/en\/\",\"name\":\"Fabryka Mebli JARSTOL\",\"description\":\"\",\"potentialAction\":[{\"@type\":\"SearchAction\",\"target\":{\"@type\":\"EntryPoint\",\"urlTemplate\":\"https:\/\/jarstol.eu\/en\/?s={search_term_string}\"},\"query-input\":{\"@type\":\"PropertyValueSpecification\",\"valueRequired\":true,\"valueName\":\"search_term_string\"}}],\"inLanguage\":\"en-US\"}]}<\/script>\n<!-- \/ Yoast SEO plugin. -->","yoast_head_json":{"title":"DALLAS DISPLAY CABINET D-17 -","description":"Wysokiej jako\u015bci DALLAS DISPLAY CABINET D-17 polskiego producenta Jarstol. Sprawd\u017a teraz gdzie mo\u017cesz kupi\u0107 nasze produkty w atrakcyjnych cenach!","robots":{"index":"index","follow":"follow","max-snippet":"max-snippet:-1","max-image-preview":"max-image-preview:large","max-video-preview":"max-video-preview:-1"},"canonical":"https:\/\/jarstol.eu\/en\/produkt\/style\/safari-style\/dallas-display-cabinet-d-17\/","og_locale":"en_US","og_type":"article","og_title":"DALLAS DISPLAY CABINET D-17 -","og_description":"Wysokiej jako\u015bci DALLAS DISPLAY CABINET D-17 polskiego producenta Jarstol. Sprawd\u017a teraz gdzie mo\u017cesz kupi\u0107 nasze produkty w atrakcyjnych cenach!","og_url":"https:\/\/jarstol.eu\/en\/produkt\/style\/safari-style\/dallas-display-cabinet-d-17\/","og_site_name":"Fabryka Mebli JARSTOL","article_modified_time":"2022-08-10T11:25:41+00:00","og_image":[{"width":1500,"height":1500,"url":"https:\/\/jarstol.eu\/wp-content\/uploads\/2022\/01\/D-17L.jpg","type":"image\/jpeg"}],"twitter_card":"summary_large_image","schema":{"@context":"https:\/\/schema.org","@graph":[{"@type":"WebPage","@id":"https:\/\/jarstol.eu\/en\/produkt\/style\/safari-style\/dallas-display-cabinet-d-17\/","url":"https:\/\/jarstol.eu\/en\/produkt\/style\/safari-style\/dallas-display-cabinet-d-17\/","name":"DALLAS DISPLAY CABINET D-17 -","isPartOf":{"@id":"https:\/\/jarstol.eu\/en\/#website"},"primaryImageOfPage":{"@id":"https:\/\/jarstol.eu\/en\/produkt\/style\/safari-style\/dallas-display-cabinet-d-17\/#primaryimage"},"image":{"@id":"https:\/\/jarstol.eu\/en\/produkt\/style\/safari-style\/dallas-display-cabinet-d-17\/#primaryimage"},"thumbnailUrl":"https:\/\/jarstol.eu\/wp-content\/uploads\/2022\/01\/D17-witryna-2D-2S-1.jpg","datePublished":"2022-01-13T15:45:10+00:00","dateModified":"2022-08-10T11:25:41+00:00","description":"Wysokiej jako\u015bci DALLAS DISPLAY CABINET D-17 polskiego producenta Jarstol. Sprawd\u017a teraz gdzie mo\u017cesz kupi\u0107 nasze produkty w atrakcyjnych cenach!","breadcrumb":{"@id":"https:\/\/jarstol.eu\/en\/produkt\/style\/safari-style\/dallas-display-cabinet-d-17\/#breadcrumb"},"inLanguage":"en-US","potentialAction":[{"@type":"ReadAction","target":["https:\/\/jarstol.eu\/en\/produkt\/style\/safari-style\/dallas-display-cabinet-d-17\/"]}]},{"@type":"ImageObject","inLanguage":"en-US","@id":"https:\/\/jarstol.eu\/en\/produkt\/style\/safari-style\/dallas-display-cabinet-d-17\/#primaryimage","url":"https:\/\/jarstol.eu\/wp-content\/uploads\/2022\/01\/D17-witryna-2D-2S-1.jpg","contentUrl":"https:\/\/jarstol.eu\/wp-content\/uploads\/2022\/01\/D17-witryna-2D-2S-1.jpg","width":1500,"height":1500},{"@type":"BreadcrumbList","@id":"https:\/\/jarstol.eu\/en\/produkt\/style\/safari-style\/dallas-display-cabinet-d-17\/#breadcrumb","itemListElement":[{"@type":"ListItem","position":1,"name":"Strona g\u0142\u00f3wna","item":"https:\/\/jarstol.eu\/en\/"},{"@type":"ListItem","position":2,"name":"Shop","item":"https:\/\/jarstol.eu\/en\/shop\/"},{"@type":"ListItem","position":3,"name":"DALLAS DISPLAY CABINET D-17"}]},{"@type":"WebSite","@id":"https:\/\/jarstol.eu\/en\/#website","url":"https:\/\/jarstol.eu\/en\/","name":"Fabryka Mebli JARSTOL","description":"","potentialAction":[{"@type":"SearchAction","target":{"@type":"EntryPoint","urlTemplate":"https:\/\/jarstol.eu\/en\/?s={search_term_string}"},"query-input":{"@type":"PropertyValueSpecification","valueRequired":true,"valueName":"search_term_string"}}],"inLanguage":"en-US"}]}},"_links":{"self":[{"href":"https:\/\/jarstol.eu\/en\/wp-json\/wp\/v2\/product\/10226","targetHints":{"allow":["GET"]}}],"collection":[{"href":"https:\/\/jarstol.eu\/en\/wp-json\/wp\/v2\/product"}],"about":[{"href":"https:\/\/jarstol.eu\/en\/wp-json\/wp\/v2\/types\/product"}],"wp:featuredmedia":[{"embeddable":true,"href":"https:\/\/jarstol.eu\/en\/wp-json\/wp\/v2\/media\/23185"}],"wp:attachment":[{"href":"https:\/\/jarstol.eu\/en\/wp-json\/wp\/v2\/media?parent=10226"}],"wp:term":[{"taxonomy":"product_brand","embeddable":true,"href":"https:\/\/jarstol.eu\/en\/wp-json\/wp\/v2\/product_brand?post=10226"},{"taxonomy":"product_cat","embeddable":true,"href":"https:\/\/jarstol.eu\/en\/wp-json\/wp\/v2\/product_cat?post=10226"},{"taxonomy":"product_tag","embeddable":true,"href":"https:\/\/jarstol.eu\/en\/wp-json\/wp\/v2\/product_tag?post=10226"}],"curies":[{"name":"wp","href":"https:\/\/api.w.org\/{rel}","templated":true}]}}