{"id":10054,"date":"2022-01-13T16:30:07","date_gmt":"2022-01-13T15:30:07","guid":{"rendered":"https:\/\/jarstol.eu\/produkt\/uncategorized\/antica-a-1\/"},"modified":"2023-12-01T05:15:20","modified_gmt":"2023-12-01T04:15:20","slug":"antica-a-1","status":"publish","type":"product","link":"https:\/\/jarstol.eu\/en\/produkt\/furniture\/cabinets\/antica-a-1\/","title":{"rendered":"ANTICA A-1"},"content":{"rendered":"<section class=\"section blockFAQ\" id=\"blockFAQ-block_61bae8c1a7265\">\r\n    <div class=\"blockFAQ__row\">\r\n        <p class=\"blockFAQ__desc\">choose<\/p><h2>YOUR OWN STYLE<\/h2><div class=\"blockFAQ__wysiwyg\"><p>The ideal collection for art lovers.The classic elegance in a slightly more expressive version.<\/p>\n<\/div>        <div class=\"blockFAQ__content\">\r\n            <div class=\"blockFAQ__caption  active\" item-data=\"0\">Basic information<\/div><div class=\"blockFAQ__caption \" item-data=\"1\">fittings<\/div><div class=\"blockFAQ__caption \" item-data=\"2\">Additional options<\/div>        <\/div>\r\n    <\/div>\r\n    <div class=\"blockFAQ__row blockFAQ__row--background\">\r\n                        <div class=\"blockFAQ__contents  active\" item-data=\"0\">\r\n                    <div class=\"blockFAQ__heading\">Basic information:<\/div>    \r\n                    <ul>\n<li>board &#8211; laminated furniture board<\/li>\n<li>edge &#8211; ABS veneer<\/li>\n<li>back of the wardrobe &#8211; HDF board<\/li>\n<li>QTY of packages &#8211; 3<\/li>\n<\/ul>\n                <\/div>                <div class=\"blockFAQ__contents \" item-data=\"1\">\r\n                    <div class=\"blockFAQ__heading\">fittings:<\/div>    \r\n                    <ul>\n<li>handles &#8211; metal<\/li>\n<li>hinges &#8211; metal with a soft close in the cabinets<\/li>\n<\/ul>\n                <\/div>                <div class=\"blockFAQ__contents \" item-data=\"2\">\r\n                    <div class=\"blockFAQ__heading\">Additional options:<\/div>    \r\n                    <ul>\n<li>no<\/li>\n<\/ul>\n                <\/div>    <\/div>\r\n        \r\n<\/section>\n\n\n\n\n\n\r\n<section class=\"section blockTextWithMap\" id=\"blockTextPhoto-block_61c030dd820a4\">\r\n    <div class=\"blockTextWithMap__wrapper\">\r\n        <div class=\"blockTextWithMap__content\">\r\n            <p>Where will you find our<\/p>\n<p class='h5'>partner stores?<\/p>\n<p>We cooporate with many stores in Poland and Europe. However, our sales ranges reach almost all the continents.<\/p>\n            <a class=\"btn btn__primary blockTextWithMap__button\" href=\"https:\/\/jarstol.stronazen.pl\/gdzie-kupic\/\">LOOK AT the map<\/a>\r\n        <\/div>\r\n        <div class=\"blockTextWithMap__map\" id=\"blockTextWithMap__map\" data-lat=\"0\" data-lng=\"0\" data-zoom=\"8\" data-title=\"Test\" data-addmarker=\"1\"><\/div>\r\n    <\/div>\r\n<\/section>\n\n    <section class=\"section blockContactBox \" id=\"blockContactBox-block_61bae9faa7269\">\r\n                    <img decoding=\"async\" class=\"blockContactBox__image\" src=\"https:\/\/jarstol.eu\/wp-content\/uploads\/2022\/01\/pexels-shvets-production-7516539.jpg\" alt=\"\">\r\n                            <div class=\"blockContactBox__content blockContactBox__content--red\">\r\n                <p>Have you got any problem?<\/p>\n<p class='h2'>assembly problem?<\/p>\n<p class='h3'>CALL KAROLINA<\/p>\n<p>&nbsp;<\/p>\n<p class='h3'><a>+48 573 208 044<\/a><\/p>\n<p>We attach a clear assembly instruction to each piece of furniture. Before assembling the product, check out if you have all the necessary elements. If not, report the deficiencies to the complaints department. If you have any other assembly problem, please feel free to contact us.<\/p>\n            <\/div>\r\n            <\/section>\r\n","protected":false},"excerpt":{"rendered":"<p class=\"MsoNormal\">An elegant, eye-catching chest of drawers<strong>from the Antica collection.<\/strong> Due to <strong>four capacious drawers<\/strong> that help in everyday organization and<strong>two cabinets with a shelf<\/strong>, it becomes very functional. It can accommodate a lot of clothes, documents, accessories, which makes it very pleasant to use. Finished with <strong>metal handles<\/strong> and a s<span style=\"text-decoration: underline;\"><strong>ilent closing of the cabinets<\/strong><\/span>, it becomes very stylish.<strong>Available in three colors<\/strong><\/p>\n","protected":false},"featured_media":3819,"template":"","meta":{"_acf_changed":false},"product_brand":[],"product_cat":[400,402,491,410,538,537,412,401],"product_tag":[],"class_list":{"0":"post-10054","1":"product","2":"type-product","3":"status-publish","4":"has-post-thumbnail","6":"product_cat-antica-en","7":"product_cat-bedroom","8":"product_cat-bedroom-chests-of-drawers","9":"product_cat-cabinets","10":"product_cat-chests-of-drawers-for-the-dining-room","11":"product_cat-chests-of-drawers-for-the-living-room","12":"product_cat-dining-room","13":"product_cat-living-room","15":"first","16":"instock","17":"shipping-taxable","18":"purchasable","19":"product-type-variable"},"acf":[],"yoast_head":"<!-- This site is optimized with the Yoast SEO plugin v27.6 - https:\/\/yoast.com\/product\/yoast-seo-wordpress\/ -->\n<title>ANTICA A-1 -<\/title>\n<meta name=\"description\" content=\"Wysokiej jako\u015bci ANTICA A-1 polskiego producenta Jarstol. Sprawd\u017a teraz gdzie mo\u017cesz kupi\u0107 nasze produkty w atrakcyjnych cenach!\" \/>\n<meta name=\"robots\" content=\"index, follow, max-snippet:-1, max-image-preview:large, max-video-preview:-1\" \/>\n<link rel=\"canonical\" href=\"https:\/\/jarstol.eu\/en\/produkt\/furniture\/cabinets\/antica-a-1\/\" \/>\n<meta property=\"og:locale\" content=\"en_US\" \/>\n<meta property=\"og:type\" content=\"article\" \/>\n<meta property=\"og:title\" content=\"ANTICA A-1 -\" \/>\n<meta property=\"og:description\" content=\"Wysokiej jako\u015bci ANTICA A-1 polskiego producenta Jarstol. Sprawd\u017a teraz gdzie mo\u017cesz kupi\u0107 nasze produkty w atrakcyjnych cenach!\" \/>\n<meta property=\"og:url\" content=\"https:\/\/jarstol.eu\/en\/produkt\/furniture\/cabinets\/antica-a-1\/\" \/>\n<meta property=\"og:site_name\" content=\"Fabryka Mebli JARSTOL\" \/>\n<meta property=\"article:modified_time\" content=\"2023-12-01T04:15:20+00:00\" \/>\n<meta property=\"og:image\" content=\"https:\/\/jarstol.eu\/wp-content\/uploads\/2022\/01\/A1-min.jpg\" \/>\n\t<meta property=\"og:image:width\" content=\"1500\" \/>\n\t<meta property=\"og:image:height\" content=\"1500\" \/>\n\t<meta property=\"og:image:type\" content=\"image\/jpeg\" \/>\n<meta name=\"twitter:card\" content=\"summary_large_image\" \/>\n<script type=\"application\/ld+json\" class=\"yoast-schema-graph\">{\"@context\":\"https:\\\/\\\/schema.org\",\"@graph\":[{\"@type\":\"WebPage\",\"@id\":\"https:\\\/\\\/jarstol.eu\\\/en\\\/produkt\\\/furniture\\\/cabinets\\\/antica-a-1\\\/\",\"url\":\"https:\\\/\\\/jarstol.eu\\\/en\\\/produkt\\\/furniture\\\/cabinets\\\/antica-a-1\\\/\",\"name\":\"ANTICA A-1 -\",\"isPartOf\":{\"@id\":\"https:\\\/\\\/jarstol.eu\\\/en\\\/#website\"},\"primaryImageOfPage\":{\"@id\":\"https:\\\/\\\/jarstol.eu\\\/en\\\/produkt\\\/furniture\\\/cabinets\\\/antica-a-1\\\/#primaryimage\"},\"image\":{\"@id\":\"https:\\\/\\\/jarstol.eu\\\/en\\\/produkt\\\/furniture\\\/cabinets\\\/antica-a-1\\\/#primaryimage\"},\"thumbnailUrl\":\"https:\\\/\\\/jarstol.eu\\\/wp-content\\\/uploads\\\/2022\\\/01\\\/A1-min.jpg\",\"datePublished\":\"2022-01-13T15:30:07+00:00\",\"dateModified\":\"2023-12-01T04:15:20+00:00\",\"description\":\"Wysokiej jako\u015bci ANTICA A-1 polskiego producenta Jarstol. Sprawd\u017a teraz gdzie mo\u017cesz kupi\u0107 nasze produkty w atrakcyjnych cenach!\",\"breadcrumb\":{\"@id\":\"https:\\\/\\\/jarstol.eu\\\/en\\\/produkt\\\/furniture\\\/cabinets\\\/antica-a-1\\\/#breadcrumb\"},\"inLanguage\":\"en-US\",\"potentialAction\":[{\"@type\":\"ReadAction\",\"target\":[\"https:\\\/\\\/jarstol.eu\\\/en\\\/produkt\\\/furniture\\\/cabinets\\\/antica-a-1\\\/\"]}]},{\"@type\":\"ImageObject\",\"inLanguage\":\"en-US\",\"@id\":\"https:\\\/\\\/jarstol.eu\\\/en\\\/produkt\\\/furniture\\\/cabinets\\\/antica-a-1\\\/#primaryimage\",\"url\":\"https:\\\/\\\/jarstol.eu\\\/wp-content\\\/uploads\\\/2022\\\/01\\\/A1-min.jpg\",\"contentUrl\":\"https:\\\/\\\/jarstol.eu\\\/wp-content\\\/uploads\\\/2022\\\/01\\\/A1-min.jpg\",\"width\":1500,\"height\":1500},{\"@type\":\"BreadcrumbList\",\"@id\":\"https:\\\/\\\/jarstol.eu\\\/en\\\/produkt\\\/furniture\\\/cabinets\\\/antica-a-1\\\/#breadcrumb\",\"itemListElement\":[{\"@type\":\"ListItem\",\"position\":1,\"name\":\"Strona g\u0142\u00f3wna\",\"item\":\"https:\\\/\\\/jarstol.eu\\\/en\\\/\"},{\"@type\":\"ListItem\",\"position\":2,\"name\":\"Shop\",\"item\":\"https:\\\/\\\/jarstol.eu\\\/en\\\/shop\\\/\"},{\"@type\":\"ListItem\",\"position\":3,\"name\":\"ANTICA A-1\"}]},{\"@type\":\"WebSite\",\"@id\":\"https:\\\/\\\/jarstol.eu\\\/en\\\/#website\",\"url\":\"https:\\\/\\\/jarstol.eu\\\/en\\\/\",\"name\":\"Fabryka Mebli JARSTOL\",\"description\":\"\",\"potentialAction\":[{\"@type\":\"SearchAction\",\"target\":{\"@type\":\"EntryPoint\",\"urlTemplate\":\"https:\\\/\\\/jarstol.eu\\\/en\\\/?s={search_term_string}\"},\"query-input\":{\"@type\":\"PropertyValueSpecification\",\"valueRequired\":true,\"valueName\":\"search_term_string\"}}],\"inLanguage\":\"en-US\"}]}<\/script>\n<!-- \/ Yoast SEO plugin. -->","yoast_head_json":{"title":"ANTICA A-1 -","description":"Wysokiej jako\u015bci ANTICA A-1 polskiego producenta Jarstol. Sprawd\u017a teraz gdzie mo\u017cesz kupi\u0107 nasze produkty w atrakcyjnych cenach!","robots":{"index":"index","follow":"follow","max-snippet":"max-snippet:-1","max-image-preview":"max-image-preview:large","max-video-preview":"max-video-preview:-1"},"canonical":"https:\/\/jarstol.eu\/en\/produkt\/furniture\/cabinets\/antica-a-1\/","og_locale":"en_US","og_type":"article","og_title":"ANTICA A-1 -","og_description":"Wysokiej jako\u015bci ANTICA A-1 polskiego producenta Jarstol. Sprawd\u017a teraz gdzie mo\u017cesz kupi\u0107 nasze produkty w atrakcyjnych cenach!","og_url":"https:\/\/jarstol.eu\/en\/produkt\/furniture\/cabinets\/antica-a-1\/","og_site_name":"Fabryka Mebli JARSTOL","article_modified_time":"2023-12-01T04:15:20+00:00","og_image":[{"width":1500,"height":1500,"url":"https:\/\/jarstol.eu\/wp-content\/uploads\/2022\/01\/A1-min.jpg","type":"image\/jpeg"}],"twitter_card":"summary_large_image","schema":{"@context":"https:\/\/schema.org","@graph":[{"@type":"WebPage","@id":"https:\/\/jarstol.eu\/en\/produkt\/furniture\/cabinets\/antica-a-1\/","url":"https:\/\/jarstol.eu\/en\/produkt\/furniture\/cabinets\/antica-a-1\/","name":"ANTICA A-1 -","isPartOf":{"@id":"https:\/\/jarstol.eu\/en\/#website"},"primaryImageOfPage":{"@id":"https:\/\/jarstol.eu\/en\/produkt\/furniture\/cabinets\/antica-a-1\/#primaryimage"},"image":{"@id":"https:\/\/jarstol.eu\/en\/produkt\/furniture\/cabinets\/antica-a-1\/#primaryimage"},"thumbnailUrl":"https:\/\/jarstol.eu\/wp-content\/uploads\/2022\/01\/A1-min.jpg","datePublished":"2022-01-13T15:30:07+00:00","dateModified":"2023-12-01T04:15:20+00:00","description":"Wysokiej jako\u015bci ANTICA A-1 polskiego producenta Jarstol. Sprawd\u017a teraz gdzie mo\u017cesz kupi\u0107 nasze produkty w atrakcyjnych cenach!","breadcrumb":{"@id":"https:\/\/jarstol.eu\/en\/produkt\/furniture\/cabinets\/antica-a-1\/#breadcrumb"},"inLanguage":"en-US","potentialAction":[{"@type":"ReadAction","target":["https:\/\/jarstol.eu\/en\/produkt\/furniture\/cabinets\/antica-a-1\/"]}]},{"@type":"ImageObject","inLanguage":"en-US","@id":"https:\/\/jarstol.eu\/en\/produkt\/furniture\/cabinets\/antica-a-1\/#primaryimage","url":"https:\/\/jarstol.eu\/wp-content\/uploads\/2022\/01\/A1-min.jpg","contentUrl":"https:\/\/jarstol.eu\/wp-content\/uploads\/2022\/01\/A1-min.jpg","width":1500,"height":1500},{"@type":"BreadcrumbList","@id":"https:\/\/jarstol.eu\/en\/produkt\/furniture\/cabinets\/antica-a-1\/#breadcrumb","itemListElement":[{"@type":"ListItem","position":1,"name":"Strona g\u0142\u00f3wna","item":"https:\/\/jarstol.eu\/en\/"},{"@type":"ListItem","position":2,"name":"Shop","item":"https:\/\/jarstol.eu\/en\/shop\/"},{"@type":"ListItem","position":3,"name":"ANTICA A-1"}]},{"@type":"WebSite","@id":"https:\/\/jarstol.eu\/en\/#website","url":"https:\/\/jarstol.eu\/en\/","name":"Fabryka Mebli JARSTOL","description":"","potentialAction":[{"@type":"SearchAction","target":{"@type":"EntryPoint","urlTemplate":"https:\/\/jarstol.eu\/en\/?s={search_term_string}"},"query-input":{"@type":"PropertyValueSpecification","valueRequired":true,"valueName":"search_term_string"}}],"inLanguage":"en-US"}]}},"_links":{"self":[{"href":"https:\/\/jarstol.eu\/en\/wp-json\/wp\/v2\/product\/10054","targetHints":{"allow":["GET"]}}],"collection":[{"href":"https:\/\/jarstol.eu\/en\/wp-json\/wp\/v2\/product"}],"about":[{"href":"https:\/\/jarstol.eu\/en\/wp-json\/wp\/v2\/types\/product"}],"wp:featuredmedia":[{"embeddable":true,"href":"https:\/\/jarstol.eu\/en\/wp-json\/wp\/v2\/media\/3819"}],"wp:attachment":[{"href":"https:\/\/jarstol.eu\/en\/wp-json\/wp\/v2\/media?parent=10054"}],"wp:term":[{"taxonomy":"product_brand","embeddable":true,"href":"https:\/\/jarstol.eu\/en\/wp-json\/wp\/v2\/product_brand?post=10054"},{"taxonomy":"product_cat","embeddable":true,"href":"https:\/\/jarstol.eu\/en\/wp-json\/wp\/v2\/product_cat?post=10054"},{"taxonomy":"product_tag","embeddable":true,"href":"https:\/\/jarstol.eu\/en\/wp-json\/wp\/v2\/product_tag?post=10054"}],"curies":[{"name":"wp","href":"https:\/\/api.w.org\/{rel}","templated":true}]}}