{"id":9669,"date":"2022-03-16T13:43:58","date_gmt":"2022-03-16T12:43:58","guid":{"rendered":"https:\/\/jarstol.eu\/contact\/"},"modified":"2023-03-24T11:23:49","modified_gmt":"2023-03-24T10:23:49","slug":"contact","status":"publish","type":"page","link":"https:\/\/jarstol.eu\/en\/contact\/","title":{"rendered":"contact"},"content":{"rendered":"<section class=\"section blockTextPhoto blockTextPhoto--big \" id=\"blockTextPhoto-block_50f82e78c857e1c2193fd42e584b32e6\">\r\n    <div class=\"blockTextPhoto__wrap\">\r\n                <div class=\"blockTextPhoto__txt\">\r\n            <div class=\"blockTextPhoto__heading  \">\r\n                                    <p>We invite you<\/p>\r\n                                                    <h1>TO CONTACT<\/h1>\n                            <\/div>\r\n\r\n                            <div class=\"blockTextPhoto__wysiwyg\">\r\n                    <p>We are open to conversation and negotiations. Do you have any question? Don&#8217;t hesitate to contact us today.<\/p>\n<p>&nbsp;<\/p>\n<p>mobile: +48 797 995 201<br \/>\nmail: <a href=\"mailto:biuro@jarstol.eu\" target=\"_blank\" rel=\"noopener\">export@jarstol.eu<\/a><\/p>\n                <\/div>\r\n                                            <\/div>\r\n\r\n                    <a href=\"https:\/\/jarstol.eu\/wp-content\/uploads\/2021\/12\/unsplash_Q_Sei-TqSlc.png\" class=\"lightbox__image\">\r\n                <img loading=\"lazy\" decoding=\"async\" width=\"549\" height=\"332\" src=\"https:\/\/jarstol.eu\/wp-content\/uploads\/2021\/12\/unsplash_Q_Sei-TqSlc.png\" class=\"blockTextPhoto__image blockTextPhoto__image--big\" alt=\"\" srcset=\"https:\/\/jarstol.eu\/wp-content\/uploads\/2021\/12\/unsplash_Q_Sei-TqSlc.png 549w, https:\/\/jarstol.eu\/wp-content\/uploads\/2021\/12\/unsplash_Q_Sei-TqSlc-400x242.png 400w, https:\/\/jarstol.eu\/wp-content\/uploads\/2021\/12\/unsplash_Q_Sei-TqSlc-24x15.png 24w, https:\/\/jarstol.eu\/wp-content\/uploads\/2021\/12\/unsplash_Q_Sei-TqSlc-32x19.png 32w, https:\/\/jarstol.eu\/wp-content\/uploads\/2021\/12\/unsplash_Q_Sei-TqSlc-50x30.png 50w, https:\/\/jarstol.eu\/wp-content\/uploads\/2021\/12\/unsplash_Q_Sei-TqSlc-75x45.png 75w, https:\/\/jarstol.eu\/wp-content\/uploads\/2021\/12\/unsplash_Q_Sei-TqSlc-140x85.png 140w\" sizes=\"auto, (max-width: 549px) 100vw, 549px\" \/>            <\/a>\r\n            <\/div>\r\n<\/section>\r\n\n\n<section class=\"section blockContactForm\" id=\"blockContactForm-block_0b3f5ff6bc5437a75b957d4df20c988b\">\r\n    <div class=\"blockContactForm__wrap form-row\">\r\n        <h2>Write<\/h2>\r\n        <p>to us<\/p>\r\n        \n<div class=\"wpcf7 no-js\" id=\"wpcf7-f9979-o1\" lang=\"en-US\" dir=\"ltr\" data-wpcf7-id=\"9979\">\n<div class=\"screen-reader-response\"><p role=\"status\" aria-live=\"polite\" aria-atomic=\"true\"><\/p> <ul><\/ul><\/div>\n<form action=\"\/en\/wp-json\/wp\/v2\/pages\/9669#wpcf7-f9979-o1\" method=\"post\" class=\"wpcf7-form init\" aria-label=\"Contact form\" novalidate=\"novalidate\" data-status=\"init\">\n<fieldset class=\"hidden-fields-container\"><input type=\"hidden\" name=\"_wpcf7\" value=\"9979\" \/><input type=\"hidden\" name=\"_wpcf7_version\" value=\"6.1.5\" \/><input type=\"hidden\" name=\"_wpcf7_locale\" value=\"en_US\" \/><input type=\"hidden\" name=\"_wpcf7_unit_tag\" value=\"wpcf7-f9979-o1\" \/><input type=\"hidden\" name=\"_wpcf7_container_post\" value=\"0\" \/><input type=\"hidden\" name=\"_wpcf7_posted_data_hash\" value=\"\" \/>\n<\/fieldset>\n<p><span class=\"wpcf7-form-control-wrap\" data-name=\"text-775\"><input size=\"40\" maxlength=\"400\" class=\"wpcf7-form-control wpcf7-text wpcf7-validates-as-required\" aria-required=\"true\" aria-invalid=\"false\" placeholder=\"First and last name\" value=\"\" type=\"text\" name=\"text-775\" \/><\/span><br \/>\n<span class=\"wpcf7-form-control-wrap\" data-name=\"email-927\"><input size=\"40\" maxlength=\"400\" class=\"wpcf7-form-control wpcf7-email wpcf7-validates-as-required wpcf7-text wpcf7-validates-as-email\" aria-required=\"true\" aria-invalid=\"false\" placeholder=\"E-mail adress\" value=\"\" type=\"email\" name=\"email-927\" \/><\/span><br \/>\n<span class=\"wpcf7-form-control-wrap\" data-name=\"text-777\"><input size=\"40\" maxlength=\"400\" class=\"wpcf7-form-control wpcf7-text wpcf7-validates-as-required\" aria-required=\"true\" aria-invalid=\"false\" placeholder=\"Subject\" value=\"\" type=\"text\" name=\"text-777\" \/><\/span><br \/>\n<span class=\"wpcf7-form-control-wrap\" data-name=\"textarea-364\"><textarea cols=\"40\" rows=\"10\" maxlength=\"2000\" class=\"wpcf7-form-control wpcf7-textarea wpcf7-validates-as-required\" aria-required=\"true\" aria-invalid=\"false\" placeholder=\"Message\" name=\"textarea-364\"><\/textarea><\/span><br \/>\n<input class=\"wpcf7-form-control wpcf7-submit has-spinner\" type=\"submit\" value=\"Send\" \/>\n<\/p><div class=\"wpcf7-response-output\" aria-hidden=\"true\"><\/div>\n<\/form>\n<\/div>\n    <\/div>\r\n<\/section>\n\n<section class=\"section blockFAQ\" id=\"blockFAQ-block_ff16dc637824288fe62b32795a6d5800\">\r\n    <div class=\"blockFAQ__row\">\r\n        <p class=\"blockFAQ__desc\">Do you want to get in touch?<\/p><h2>WITH A SPECIFIC DEPARTMENT?<\/h2><div class=\"blockFAQ__wysiwyg\"><p>Below, we provide a list of contacts directly to specific departments in our company.<\/p>\n<\/div>        <div class=\"blockFAQ__content\">\r\n            <div class=\"blockFAQ__caption  active\" item-data=\"0\">Sales representatives<\/div><div class=\"blockFAQ__caption \" item-data=\"1\">Warehouse &#8211; receipt of goods<\/div><div class=\"blockFAQ__caption \" item-data=\"2\">customer service office <\/div><div class=\"blockFAQ__caption \" item-data=\"3\">Complaints<\/div><div class=\"blockFAQ__caption \" item-data=\"4\">Export<\/div><div class=\"blockFAQ__caption \" item-data=\"5\">Bookkeeping<\/div>        <\/div>\r\n    <\/div>\r\n    <div class=\"blockFAQ__row blockFAQ__row--background\">\r\n                        <div class=\"blockFAQ__contents  active\" item-data=\"0\">\r\n                    <div class=\"blockFAQ__heading\">Sales representatives:<\/div>    \r\n                    <p>Rafa\u0142 Grondys<br \/>\nmobile: + 48 694 684 352<br \/>\nmail: rafal@jarstol.eu<\/p>\n<p>&nbsp;<\/p>\n<p>Katarzyna Olszewska<br \/>\nmobile: +48 532 362 692<br \/>\nmail: katarzyna.olszewska@jarstol.eu<\/p>\n                <\/div>                <div class=\"blockFAQ__contents \" item-data=\"1\">\r\n                    <div class=\"blockFAQ__heading\">Warehouse &#8211; receipt of goods:<\/div>    \r\n                    <p>mobile: +48 511 927 727<br \/>\nmail: <a href=\"mailto:magazyn@jarstol.eu\" target=\"_blank\" rel=\"noopener\">Magazyn@jarstol.eu<\/a><\/p>\n<p>&nbsp;<\/p>\n<p>&nbsp;<\/p>\n                <\/div>                <div class=\"blockFAQ__contents \" item-data=\"2\">\r\n                    <div class=\"blockFAQ__heading\">customer service office :<\/div>    \r\n                    <p>Ma\u0142gorzata M\u0105ka<\/p>\n<p>mobile: + 48 508 67 19 85<\/p>\n<p>mail: <a href=\"mailto:gosia.maka@jarstol.eu\" target=\"_blank\" rel=\"noopener\">gosia.maka@jarstol.eu<\/a><\/p>\n<p><strong>GUARDIAN FOR THE AREA<\/strong> :<\/p>\n<p>Zachodniopomorskie, Lubuskie, Dolno\u015bl\u0105skie, Opolskie, \u015al\u0105skie, Ma\u0142opolskie, Podkarpackie<\/p>\n<p>&nbsp;<\/p>\n<p>Patryk \u015awierczy\u0144ski<\/p>\n<p>mobile: +48 512 929 192<\/p>\n<p>mail: <a href=\"mailto:patryk@jarstol.eu\" target=\"_blank\" rel=\"noopener\">patryk@jarstol.eu<\/a><\/p>\n<p><strong>GUARDIAN FOR THE AREA<\/strong> :<\/p>\n<p>Pomeranian, Greater Poland, \u0141\u00f3dzkie, Kuyavian-Pomeranian, Warmian-Masurian, Masovian, \u015awi\u0119tokrzyskie, Podlaskie, Lubelskie<\/p>\n                <\/div>                <div class=\"blockFAQ__contents \" item-data=\"3\">\r\n                    <div class=\"blockFAQ__heading\">Complaints:<\/div>    \r\n                    <p>mail: <a href=\"mailto:reklamacje@jarstol.eu\" target=\"_blank\" rel=\"noopener\">reklamacje@jarstol.eu<\/a><\/p>\n<p>mobile: +48 573 208 044<\/p>\n                <\/div>                <div class=\"blockFAQ__contents \" item-data=\"4\">\r\n                    <div class=\"blockFAQ__heading\">Export:<\/div>    \r\n                    <p>Micha\u0142 Kolad &#8211; ENG, RUS<\/p>\n<h4 id=\"tw-target-text\" class=\"tw-data-text tw-text-large tw-ta\" dir=\"ltr\" data-placeholder=\"T\u0142umaczenie\"><span class=\"Y2IQFc\" lang=\"en\">Let&#8217;s speak <strong>English<\/strong> or <strong>Russian<\/strong><\/span><\/h4>\n<p>mobile: +48 797 995 201<br \/>\nmail: <a href=\"mailto:biuro@jarstol.eu\" target=\"_blank\" rel=\"noopener\">export@jarstol.eu<\/a><\/p>\n                <\/div>                <div class=\"blockFAQ__contents \" item-data=\"5\">\r\n                    <div class=\"blockFAQ__heading\">Bookkeeping:<\/div>    \r\n                    <p>mail: <a href=\"mailto:ksiegowosc@jarstol.eu\" target=\"_blank\" rel=\"noopener\">ksiegowosc@jarstol.eu<\/a><\/p>\n<p>tel: +48 62 78 61 339<br \/>\nmobile: +48 502 066 357<\/p>\n                <\/div>    <\/div>\r\n        \r\n<\/section>","protected":false},"excerpt":{"rendered":"","protected":false},"author":1,"featured_media":0,"parent":0,"menu_order":0,"comment_status":"closed","ping_status":"closed","template":"","meta":{"_acf_changed":false,"footnotes":""},"class_list":["post-9669","page","type-page","status-publish","hentry"],"acf":[],"yoast_head":"<!-- This site is optimized with the Yoast SEO plugin v27.0 - https:\/\/yoast.com\/product\/yoast-seo-wordpress\/ -->\n<title>contact - Fabryka Mebli JARSTOL<\/title>\n<meta name=\"robots\" content=\"index, follow, max-snippet:-1, max-image-preview:large, max-video-preview:-1\" \/>\n<link rel=\"canonical\" href=\"https:\/\/jarstol.eu\/en\/contact\/\" \/>\n<meta property=\"og:locale\" content=\"en_US\" \/>\n<meta property=\"og:type\" content=\"article\" \/>\n<meta property=\"og:title\" content=\"contact - Fabryka Mebli JARSTOL\" \/>\n<meta property=\"og:url\" content=\"https:\/\/jarstol.eu\/en\/contact\/\" \/>\n<meta property=\"og:site_name\" content=\"Fabryka Mebli JARSTOL\" \/>\n<meta property=\"article:modified_time\" content=\"2023-03-24T10:23:49+00:00\" \/>\n<meta name=\"twitter:card\" content=\"summary_large_image\" \/>\n<script type=\"application\/ld+json\" class=\"yoast-schema-graph\">{\"@context\":\"https:\/\/schema.org\",\"@graph\":[{\"@type\":\"WebPage\",\"@id\":\"https:\/\/jarstol.eu\/en\/contact\/\",\"url\":\"https:\/\/jarstol.eu\/en\/contact\/\",\"name\":\"contact - Fabryka Mebli JARSTOL\",\"isPartOf\":{\"@id\":\"https:\/\/jarstol.eu\/en\/#website\"},\"datePublished\":\"2022-03-16T12:43:58+00:00\",\"dateModified\":\"2023-03-24T10:23:49+00:00\",\"breadcrumb\":{\"@id\":\"https:\/\/jarstol.eu\/en\/contact\/#breadcrumb\"},\"inLanguage\":\"en-US\",\"potentialAction\":[{\"@type\":\"ReadAction\",\"target\":[\"https:\/\/jarstol.eu\/en\/contact\/\"]}]},{\"@type\":\"BreadcrumbList\",\"@id\":\"https:\/\/jarstol.eu\/en\/contact\/#breadcrumb\",\"itemListElement\":[{\"@type\":\"ListItem\",\"position\":1,\"name\":\"Strona g\u0142\u00f3wna\",\"item\":\"https:\/\/jarstol.eu\/en\/home\/\"},{\"@type\":\"ListItem\",\"position\":2,\"name\":\"contact\"}]},{\"@type\":\"WebSite\",\"@id\":\"https:\/\/jarstol.eu\/en\/#website\",\"url\":\"https:\/\/jarstol.eu\/en\/\",\"name\":\"Fabryka Mebli JARSTOL\",\"description\":\"\",\"potentialAction\":[{\"@type\":\"SearchAction\",\"target\":{\"@type\":\"EntryPoint\",\"urlTemplate\":\"https:\/\/jarstol.eu\/en\/?s={search_term_string}\"},\"query-input\":{\"@type\":\"PropertyValueSpecification\",\"valueRequired\":true,\"valueName\":\"search_term_string\"}}],\"inLanguage\":\"en-US\"}]}<\/script>\n<!-- \/ Yoast SEO plugin. -->","yoast_head_json":{"title":"contact - Fabryka Mebli JARSTOL","robots":{"index":"index","follow":"follow","max-snippet":"max-snippet:-1","max-image-preview":"max-image-preview:large","max-video-preview":"max-video-preview:-1"},"canonical":"https:\/\/jarstol.eu\/en\/contact\/","og_locale":"en_US","og_type":"article","og_title":"contact - Fabryka Mebli JARSTOL","og_url":"https:\/\/jarstol.eu\/en\/contact\/","og_site_name":"Fabryka Mebli JARSTOL","article_modified_time":"2023-03-24T10:23:49+00:00","twitter_card":"summary_large_image","schema":{"@context":"https:\/\/schema.org","@graph":[{"@type":"WebPage","@id":"https:\/\/jarstol.eu\/en\/contact\/","url":"https:\/\/jarstol.eu\/en\/contact\/","name":"contact - Fabryka Mebli JARSTOL","isPartOf":{"@id":"https:\/\/jarstol.eu\/en\/#website"},"datePublished":"2022-03-16T12:43:58+00:00","dateModified":"2023-03-24T10:23:49+00:00","breadcrumb":{"@id":"https:\/\/jarstol.eu\/en\/contact\/#breadcrumb"},"inLanguage":"en-US","potentialAction":[{"@type":"ReadAction","target":["https:\/\/jarstol.eu\/en\/contact\/"]}]},{"@type":"BreadcrumbList","@id":"https:\/\/jarstol.eu\/en\/contact\/#breadcrumb","itemListElement":[{"@type":"ListItem","position":1,"name":"Strona g\u0142\u00f3wna","item":"https:\/\/jarstol.eu\/en\/home\/"},{"@type":"ListItem","position":2,"name":"contact"}]},{"@type":"WebSite","@id":"https:\/\/jarstol.eu\/en\/#website","url":"https:\/\/jarstol.eu\/en\/","name":"Fabryka Mebli JARSTOL","description":"","potentialAction":[{"@type":"SearchAction","target":{"@type":"EntryPoint","urlTemplate":"https:\/\/jarstol.eu\/en\/?s={search_term_string}"},"query-input":{"@type":"PropertyValueSpecification","valueRequired":true,"valueName":"search_term_string"}}],"inLanguage":"en-US"}]}},"_links":{"self":[{"href":"https:\/\/jarstol.eu\/en\/wp-json\/wp\/v2\/pages\/9669","targetHints":{"allow":["GET"]}}],"collection":[{"href":"https:\/\/jarstol.eu\/en\/wp-json\/wp\/v2\/pages"}],"about":[{"href":"https:\/\/jarstol.eu\/en\/wp-json\/wp\/v2\/types\/page"}],"author":[{"embeddable":true,"href":"https:\/\/jarstol.eu\/en\/wp-json\/wp\/v2\/users\/1"}],"replies":[{"embeddable":true,"href":"https:\/\/jarstol.eu\/en\/wp-json\/wp\/v2\/comments?post=9669"}],"version-history":[{"count":5,"href":"https:\/\/jarstol.eu\/en\/wp-json\/wp\/v2\/pages\/9669\/revisions"}],"predecessor-version":[{"id":14754,"href":"https:\/\/jarstol.eu\/en\/wp-json\/wp\/v2\/pages\/9669\/revisions\/14754"}],"wp:attachment":[{"href":"https:\/\/jarstol.eu\/en\/wp-json\/wp\/v2\/media?parent=9669"}],"curies":[{"name":"wp","href":"https:\/\/api.w.org\/{rel}","templated":true}]}}